{"id":2273,"date":"2025-10-13T19:51:17","date_gmt":"2025-10-13T16:51:17","guid":{"rendered":"https:\/\/www.dorafurniture.com\/?page_id=2273"},"modified":"2025-10-13T20:25:23","modified_gmt":"2025-10-13T17:25:23","slug":"iletisim","status":"publish","type":"page","link":"https:\/\/www.dorafurniture.com\/en\/iletisim\/","title":{"rendered":"\u0130leti\u015fim"},"content":{"rendered":"<div data-elementor-type=\"wp-page\" data-elementor-id=\"2273\" class=\"elementor elementor-2273\" data-elementor-post-type=\"page\">\n\t\t\t\t<div class=\"elementor-element elementor-element-273c960 e-flex e-con-boxed e-con e-parent\" data-id=\"273c960\" data-element_type=\"container\" data-e-type=\"container\">\n\t\t\t\t\t<div class=\"e-con-inner\">\n\t\t<div class=\"elementor-element elementor-element-18e05df e-con-full e-flex e-con e-child\" data-id=\"18e05df\" data-element_type=\"container\" data-e-type=\"container\" data-settings=\"{&quot;background_background&quot;:&quot;classic&quot;}\">\n\t\t\t\t<div class=\"elementor-element elementor-element-065ac14 elementor-invisible elementor-widget elementor-widget-heading\" data-id=\"065ac14\" data-element_type=\"widget\" data-e-type=\"widget\" data-settings=\"{&quot;_animation&quot;:&quot;fadeIn&quot;,&quot;_animation_delay&quot;:200}\" data-widget_type=\"heading.default\">\n\t\t\t\t<div class=\"elementor-widget-container\">\n\t\t\t\t\t<h2 class=\"elementor-heading-title elementor-size-default\">Soru ve talepleriniz i\u00e7in<br>bizimle ileti\u015fime ge\u00e7in\n<\/h2>\t\t\t\t<\/div>\n\t\t\t\t<\/div>\n\t\t<div class=\"elementor-element elementor-element-6386d4b e-con-full e-flex elementor-invisible e-con e-child\" data-id=\"6386d4b\" data-element_type=\"container\" data-e-type=\"container\" data-settings=\"{&quot;animation&quot;:&quot;fadeIn&quot;,&quot;animation_delay&quot;:300}\">\n\t\t\t\t<div class=\"elementor-element elementor-element-cad4e67 elementor-widget elementor-widget-text-editor\" data-id=\"cad4e67\" data-element_type=\"widget\" data-e-type=\"widget\" data-widget_type=\"text-editor.default\">\n\t\t\t\t<div class=\"elementor-widget-container\">\n\t\t\t\t\t\t\t\t\t<p>+90 (212) 485 16 49<\/p>\t\t\t\t\t\t\t\t<\/div>\n\t\t\t\t<\/div>\n\t\t\t\t<div class=\"elementor-element elementor-element-60cee21 elementor-widget elementor-widget-text-editor\" data-id=\"60cee21\" data-element_type=\"widget\" data-e-type=\"widget\" data-widget_type=\"text-editor.default\">\n\t\t\t\t<div class=\"elementor-widget-container\">\n\t\t\t\t\t\t\t\t\t<p>iletisim@dorafurniture.com<\/p>\t\t\t\t\t\t\t\t<\/div>\n\t\t\t\t<\/div>\n\t\t\t\t<div class=\"elementor-element elementor-element-5c29375 elementor-widget elementor-widget-text-editor\" data-id=\"5c29375\" data-element_type=\"widget\" data-e-type=\"widget\" data-widget_type=\"text-editor.default\">\n\t\t\t\t<div class=\"elementor-widget-container\">\n\t\t\t\t\t\t\t\t\t<p>Orhangazi Mah. 1730 Sok M\u0130MSAN Sanayi Sitesi 7. Blok No. 17-19 \u0130stanbul<\/p>\t\t\t\t\t\t\t\t<\/div>\n\t\t\t\t<\/div>\n\t\t\t\t<\/div>\n\t\t\t\t<\/div>\n\t\t<div class=\"elementor-element elementor-element-968728e e-con-full e-flex e-con e-child\" data-id=\"968728e\" data-element_type=\"container\" data-e-type=\"container\">\n\t\t\t\t<div class=\"elementor-element elementor-element-e6430c0 elementor-widget elementor-widget-google_maps\" data-id=\"e6430c0\" data-element_type=\"widget\" data-e-type=\"widget\" data-widget_type=\"google_maps.default\">\n\t\t\t\t<div class=\"elementor-widget-container\">\n\t\t\t\t\t\t\t<div class=\"elementor-custom-embed\">\n\t\t\t<iframe loading=\"lazy\"\n\t\t\t\t\tsrc=\"https:\/\/maps.google.com\/maps?q=DORA%20BANYO&#038;t=m&#038;z=13&#038;output=embed&#038;iwloc=near\"\n\t\t\t\t\ttitle=\"DORA BANYO\"\n\t\t\t\t\taria-label=\"DORA BANYO\"\n\t\t\t><\/iframe>\n\t\t<\/div>\n\t\t\t\t\t\t<\/div>\n\t\t\t\t<\/div>\n\t\t\t\t<\/div>\n\t\t\t\t\t<\/div>\n\t\t\t\t<\/div>\n\t\t\t\t<\/div>","protected":false},"excerpt":{"rendered":"<p>Soru ve talepleriniz i\u00e7inbizimle ileti\u015fime ge\u00e7in +90 (212) 485 16 49 iletisim@dorafurniture.com Orhangazi Mah. 1730 Sok M\u0130MSAN Sanayi Sitesi 7. Blok No. 17-19 \u0130stanbul<\/p>","protected":false},"author":1,"featured_media":0,"parent":0,"menu_order":0,"comment_status":"closed","ping_status":"closed","template":"elementor_header_footer","meta":{"footnotes":""},"class_list":["post-2273","page","type-page","status-publish","hentry"],"_links":{"self":[{"href":"https:\/\/www.dorafurniture.com\/en\/wp-json\/wp\/v2\/pages\/2273","targetHints":{"allow":["GET"]}}],"collection":[{"href":"https:\/\/www.dorafurniture.com\/en\/wp-json\/wp\/v2\/pages"}],"about":[{"href":"https:\/\/www.dorafurniture.com\/en\/wp-json\/wp\/v2\/types\/page"}],"author":[{"embeddable":true,"href":"https:\/\/www.dorafurniture.com\/en\/wp-json\/wp\/v2\/users\/1"}],"replies":[{"embeddable":true,"href":"https:\/\/www.dorafurniture.com\/en\/wp-json\/wp\/v2\/comments?post=2273"}],"version-history":[{"count":49,"href":"https:\/\/www.dorafurniture.com\/en\/wp-json\/wp\/v2\/pages\/2273\/revisions"}],"predecessor-version":[{"id":2357,"href":"https:\/\/www.dorafurniture.com\/en\/wp-json\/wp\/v2\/pages\/2273\/revisions\/2357"}],"wp:attachment":[{"href":"https:\/\/www.dorafurniture.com\/en\/wp-json\/wp\/v2\/media?parent=2273"}],"curies":[{"name":"wp","href":"https:\/\/api.w.org\/{rel}","templated":true}]}}