{"id":1492,"date":"2025-04-22T23:21:51","date_gmt":"2025-04-22T20:21:51","guid":{"rendered":"https:\/\/dorafurniture.com\/?page_id=1492"},"modified":"2025-10-13T19:34:07","modified_gmt":"2025-10-13T16:34:07","slug":"restoran-frankfurt","status":"publish","type":"page","link":"https:\/\/www.dorafurniture.com\/en\/restoran-frankfurt\/","title":{"rendered":"Restoran Frankfurt"},"content":{"rendered":"\t\t<div data-elementor-type=\"wp-page\" data-elementor-id=\"1492\" class=\"elementor elementor-1492\" data-elementor-post-type=\"page\">\n\t\t\t\t<div class=\"elementor-element elementor-element-afeb1cc e-flex e-con-boxed e-con e-parent\" data-id=\"afeb1cc\" data-element_type=\"container\" data-e-type=\"container\" data-settings=\"{&quot;background_background&quot;:&quot;classic&quot;}\">\n\t\t\t\t\t<div class=\"e-con-inner\">\n\t\t<div class=\"elementor-element elementor-element-f77a494 e-con-full e-flex elementor-invisible e-con e-child\" data-id=\"f77a494\" data-element_type=\"container\" data-e-type=\"container\" data-settings=\"{&quot;background_background&quot;:&quot;classic&quot;,&quot;animation&quot;:&quot;fadeIn&quot;}\">\n\t\t<div class=\"elementor-element elementor-element-a3a1abf e-con-full e-flex e-con e-child\" data-id=\"a3a1abf\" data-element_type=\"container\" data-e-type=\"container\">\n\t\t\t\t<div class=\"elementor-element elementor-element-bf790fd elementor-align-left blur-btn elementor-widget elementor-widget-button\" data-id=\"bf790fd\" data-element_type=\"widget\" data-e-type=\"widget\" data-settings=\"{&quot;_animation_mobile&quot;:&quot;none&quot;}\" data-widget_type=\"button.default\">\n\t\t\t\t<div class=\"elementor-widget-container\">\n\t\t\t\t\t\t\t\t\t<div class=\"elementor-button-wrapper\">\n\t\t\t\t\t<a class=\"elementor-button elementor-size-sm\" role=\"button\">\n\t\t\t\t\t\t<span class=\"elementor-button-content-wrapper\">\n\t\t\t\t\t\t<span class=\"elementor-button-icon\">\n\t\t\t\t<svg xmlns=\"http:\/\/www.w3.org\/2000\/svg\" id=\"Layer_1\" data-name=\"Layer 1\" viewBox=\"0 0 24 24\" width=\"512\" height=\"512\"><path d=\"M1.343,7.238A10.985,10.985,0,0,1,.01,1.95,1.948,1.948,0,0,1,3.336.572l5.15,5.489a4.978,4.978,0,0,0-.481,2.11c0,.113.025.222.032.334L2.01,2.079A8.965,8.965,0,0,0,3.093,6.273,22.462,22.462,0,0,0,7.558,12.2L6.143,13.62A23.638,23.638,0,0,1,1.343,7.238ZM12.912,15.33l-1.543,1.545a11.311,11.311,0,0,0,5.415.972l5.748,6.109,1.456-1.37-6.471-6.9A8.122,8.122,0,0,1,12.912,15.33Zm.794-2.209a3,3,0,0,0,4.239,0L24.01,7.05,22.6,5.635l-6.065,6.072a1,1,0,0,1-1.414,0L14.412,11l6.773-6.779L19.772,2.806,13,9.586l-.706-.707a1,1,0,0,1,0-1.415l6.065-6.072L16.945-.022,10.88,6.05a3.005,3.005,0,0,0,0,4.243l.706.707L.034,22.564l1.413,1.414L13,12.414Z\"><\/path><\/svg>\t\t\t<\/span>\n\t\t\t\t\t\t\t\t\t<span class=\"elementor-button-text\">Restoran<\/span>\n\t\t\t\t\t<\/span>\n\t\t\t\t\t<\/a>\n\t\t\t\t<\/div>\n\t\t\t\t\t\t\t\t<\/div>\n\t\t\t\t<\/div>\n\t\t\t\t<div class=\"elementor-element elementor-element-141b861 elementor-align-left blur-btn elementor-hidden-mobile elementor-widget elementor-widget-button\" data-id=\"141b861\" data-element_type=\"widget\" data-e-type=\"widget\" data-settings=\"{&quot;_animation_mobile&quot;:&quot;none&quot;}\" data-widget_type=\"button.default\">\n\t\t\t\t<div class=\"elementor-widget-container\">\n\t\t\t\t\t\t\t\t\t<div class=\"elementor-button-wrapper\">\n\t\t\t\t\t<a class=\"elementor-button elementor-size-sm\" role=\"button\">\n\t\t\t\t\t\t<span class=\"elementor-button-content-wrapper\">\n\t\t\t\t\t\t<span class=\"elementor-button-icon\">\n\t\t\t\t<svg xmlns=\"http:\/\/www.w3.org\/2000\/svg\" xmlns:xlink=\"http:\/\/www.w3.org\/1999\/xlink\" id=\"Capa_1\" x=\"0px\" y=\"0px\" viewBox=\"0 0 512 512\" style=\"enable-background:new 0 0 512 512;\" xml:space=\"preserve\" width=\"512\" height=\"512\"><g id=\"_01_align_center\">\t<path d=\"M255.104,512.171l-14.871-12.747C219.732,482.258,40.725,327.661,40.725,214.577c0-118.398,95.981-214.379,214.379-214.379   s214.379,95.981,214.379,214.379c0,113.085-179.007,267.682-199.423,284.932L255.104,512.171z M255.104,46.553   c-92.753,0.105-167.918,75.27-168.023,168.023c0,71.042,110.132,184.53,168.023,236.473   c57.892-51.964,168.023-165.517,168.023-236.473C423.022,121.823,347.858,46.659,255.104,46.553z\"><\/path>\t<path d=\"M255.104,299.555c-46.932,0-84.978-38.046-84.978-84.978s38.046-84.978,84.978-84.978s84.978,38.046,84.978,84.978   S302.037,299.555,255.104,299.555z M255.104,172.087c-23.466,0-42.489,19.023-42.489,42.489s19.023,42.489,42.489,42.489   s42.489-19.023,42.489-42.489S278.571,172.087,255.104,172.087z\"><\/path><\/g><\/svg>\t\t\t<\/span>\n\t\t\t\t\t\t\t\t\t<span class=\"elementor-button-text\">Frankfurt, Almanya<\/span>\n\t\t\t\t\t<\/span>\n\t\t\t\t\t<\/a>\n\t\t\t\t<\/div>\n\t\t\t\t\t\t\t\t<\/div>\n\t\t\t\t<\/div>\n\t\t\t\t<div class=\"elementor-element elementor-element-0c835b4 elementor-align-left blur-btn elementor-widget elementor-widget-button\" data-id=\"0c835b4\" data-element_type=\"widget\" data-e-type=\"widget\" data-settings=\"{&quot;_animation_mobile&quot;:&quot;none&quot;}\" data-widget_type=\"button.default\">\n\t\t\t\t<div class=\"elementor-widget-container\">\n\t\t\t\t\t\t\t\t\t<div class=\"elementor-button-wrapper\">\n\t\t\t\t\t<a class=\"elementor-button elementor-size-sm\" role=\"button\">\n\t\t\t\t\t\t<span class=\"elementor-button-content-wrapper\">\n\t\t\t\t\t\t<span class=\"elementor-button-icon\">\n\t\t\t\t<svg xmlns=\"http:\/\/www.w3.org\/2000\/svg\" id=\"Layer_1\" height=\"24\" viewBox=\"0 0 24 24\" width=\"24\" data-name=\"Layer 1\"><path d=\"m23 11a1 1 0 0 0 -1 1 10.034 10.034 0 1 1 -2.9-7.021.862.862 0 0 1 -.1.021h-3a1 1 0 0 0 0 2h3a3 3 0 0 0 3-3v-3a1 1 0 0 0 -2 0v2.065a11.994 11.994 0 1 0 4 8.935 1 1 0 0 0 -1-1z\"><\/path><path d=\"m12 6a1 1 0 0 0 -1 1v5a1 1 0 0 0 .293.707l3 3a1 1 0 0 0 1.414-1.414l-2.707-2.707v-4.586a1 1 0 0 0 -1-1z\"><\/path><\/svg>\t\t\t<\/span>\n\t\t\t\t\t\t\t\t\t<span class=\"elementor-button-text\">45 g\u00fcn<\/span>\n\t\t\t\t\t<\/span>\n\t\t\t\t\t<\/a>\n\t\t\t\t<\/div>\n\t\t\t\t\t\t\t\t<\/div>\n\t\t\t\t<\/div>\n\t\t\t\t<\/div>\n\t\t\t\t<\/div>\n\t\t<div class=\"elementor-element elementor-element-a263d57 e-con-full e-flex elementor-invisible e-con e-child\" data-id=\"a263d57\" data-element_type=\"container\" data-e-type=\"container\" data-settings=\"{&quot;animation&quot;:&quot;fadeIn&quot;}\">\n\t\t<div class=\"elementor-element elementor-element-bc3ef82 e-con-full e-flex e-con e-child\" data-id=\"bc3ef82\" data-element_type=\"container\" data-e-type=\"container\">\n\t\t\t\t<div class=\"elementor-element elementor-element-1fb40c0 elementor-widget elementor-widget-heading\" data-id=\"1fb40c0\" data-element_type=\"widget\" data-e-type=\"widget\" data-settings=\"{&quot;sticky&quot;:&quot;top&quot;,&quot;sticky_on&quot;:[&quot;desktop&quot;],&quot;sticky_offset&quot;:20,&quot;sticky_parent&quot;:&quot;yes&quot;,&quot;sticky_effects_offset&quot;:0,&quot;sticky_anchor_link_offset&quot;:0}\" data-widget_type=\"heading.default\">\n\t\t\t\t<div class=\"elementor-widget-container\">\n\t\t\t\t\t<h2 class=\"elementor-heading-title elementor-size-default\">RESTORAN FRANKFURT<\/h2>\t\t\t\t<\/div>\n\t\t\t\t<\/div>\n\t\t\t\t<\/div>\n\t\t<div class=\"elementor-element elementor-element-815f524 e-con-full e-flex e-con e-child\" data-id=\"815f524\" data-element_type=\"container\" data-e-type=\"container\">\n\t\t\t\t<div class=\"elementor-element elementor-element-be01664 elementor-widget elementor-widget-heading\" data-id=\"be01664\" data-element_type=\"widget\" data-e-type=\"widget\" data-widget_type=\"heading.default\">\n\t\t\t\t<div class=\"elementor-widget-container\">\n\t\t\t\t\t<h2 class=\"elementor-heading-title elementor-size-default\">Genel Bak\u0131\u015f<\/h2>\t\t\t\t<\/div>\n\t\t\t\t<\/div>\n\t\t\t\t<div class=\"elementor-element elementor-element-7de1668 elementor-widget elementor-widget-text-editor\" data-id=\"7de1668\" data-element_type=\"widget\" data-e-type=\"widget\" data-widget_type=\"text-editor.default\">\n\t\t\t\t<div class=\"elementor-widget-container\">\n\t\t\t\t\t\t\t\t\t<p data-pm-slice=\"1 1 []\">Frankfurt\u2019ta konumlanan bu restoran projesi, \u015fehirdeki modern yeme-i\u00e7me k\u00fclt\u00fcr\u00fcne rafine bir yorum kazand\u0131rmak amac\u0131yla tasarland\u0131. Kullan\u0131c\u0131lara ilk bak\u0131\u015fta ferahl\u0131k ve zarafet hissi veren, ayn\u0131 zamanda kusursuz hijyen alg\u0131s\u0131 yaratan bir mek\u00e2n yarat\u0131lmas\u0131 hedeflendi. Proje, \u00e7a\u011fda\u015f \u00e7izgilerle kurgulanan, \u0131\u015f\u0131\u011f\u0131n mek\u00e2nla b\u00fct\u00fcnle\u015fti\u011fi g\u00fc\u00e7l\u00fc bir tasar\u0131m anlay\u0131\u015f\u0131yla hayata ge\u00e7irildi.<\/p>\t\t\t\t\t\t\t\t<\/div>\n\t\t\t\t<\/div>\n\t\t\t\t<div class=\"elementor-element elementor-element-6be2fd5 elementor-widget elementor-widget-heading\" data-id=\"6be2fd5\" data-element_type=\"widget\" data-e-type=\"widget\" data-widget_type=\"heading.default\">\n\t\t\t\t<div class=\"elementor-widget-container\">\n\t\t\t\t\t<h2 class=\"elementor-heading-title elementor-size-default\">M\u00fc\u015fteri Talepleri<\/h2>\t\t\t\t<\/div>\n\t\t\t\t<\/div>\n\t\t\t\t<div class=\"elementor-element elementor-element-d070ed8 elementor-widget elementor-widget-text-editor\" data-id=\"d070ed8\" data-element_type=\"widget\" data-e-type=\"widget\" data-widget_type=\"text-editor.default\">\n\t\t\t\t<div class=\"elementor-widget-container\">\n\t\t\t\t\t\t\t\t\t<p data-pm-slice=\"1 1 []\">M\u00fc\u015fterimiz, mek\u00e2n\u0131n \u015f\u0131k ve davetk\u00e2r bir atmosfer sunmas\u0131n\u0131, ayn\u0131 zamanda ayd\u0131nl\u0131k ve hijyenik bir alg\u0131 olu\u015fturmas\u0131n\u0131 talep etti. Restoran\u0131n i\u00e7 mek\u00e2n\u0131nda, malzeme se\u00e7iminden ayd\u0131nlatmaya kadar her detay\u0131n, hem g\u00f6rsel etkiyi g\u00fc\u00e7lendirmesi hem de misafir deneyimini iyile\u015ftirmesi bekleniyordu. I\u015f\u0131lt\u0131l\u0131 y\u00fczeyler ve yumu\u015fak ge\u00e7i\u015flere sahip tonlar, bu vizyon do\u011frultusunda \u00f6n planda tutuldu.<\/p>\t\t\t\t\t\t\t\t<\/div>\n\t\t\t\t<\/div>\n\t\t\t\t<div class=\"elementor-element elementor-element-5438b9d elementor-widget elementor-widget-heading\" data-id=\"5438b9d\" data-element_type=\"widget\" data-e-type=\"widget\" data-widget_type=\"heading.default\">\n\t\t\t\t<div class=\"elementor-widget-container\">\n\t\t\t\t\t<h2 class=\"elementor-heading-title elementor-size-default\">Projeye Haz\u0131rl\u0131k<\/h2>\t\t\t\t<\/div>\n\t\t\t\t<\/div>\n\t\t\t\t<div class=\"elementor-element elementor-element-a037504 elementor-widget elementor-widget-text-editor\" data-id=\"a037504\" data-element_type=\"widget\" data-e-type=\"widget\" data-widget_type=\"text-editor.default\">\n\t\t\t\t<div class=\"elementor-widget-container\">\n\t\t\t\t\t\t\t\t\t<p data-pm-slice=\"1 1 []\">Tasar\u0131m s\u00fcreci, hem i\u015flevsel hem de estetik gerekliliklerin titizlikle analiz edilmesiyle ba\u015flat\u0131ld\u0131. Mek\u00e2n kullan\u0131m senaryolar\u0131, masa yerle\u015fimleri, dola\u015f\u0131m alanlar\u0131 ve servis b\u00f6lgeleri netle\u015ftirildikten sonra, her bir b\u00f6lgeye \u00f6zel 3 boyutlu modellemeler olu\u015fturuldu. Parlak y\u00fczeyli malzemeler, zarif detaylarla dengelendi; do\u011fal \u0131\u015f\u0131kla yapay ayd\u0131nlatman\u0131n bir arada \u00e7al\u0131\u015ft\u0131\u011f\u0131 bir \u0131\u015f\u0131k kurgusu geli\u015ftirildi.<\/p>\t\t\t\t\t\t\t\t<\/div>\n\t\t\t\t<\/div>\n\t\t\t\t<div class=\"elementor-element elementor-element-4b38657 elementor-widget elementor-widget-heading\" data-id=\"4b38657\" data-element_type=\"widget\" data-e-type=\"widget\" data-widget_type=\"heading.default\">\n\t\t\t\t<div class=\"elementor-widget-container\">\n\t\t\t\t\t<h2 class=\"elementor-heading-title elementor-size-default\">Uygulama S\u00fcreci<\/h2>\t\t\t\t<\/div>\n\t\t\t\t<\/div>\n\t\t\t\t<div class=\"elementor-element elementor-element-e4d7141 elementor-widget elementor-widget-text-editor\" data-id=\"e4d7141\" data-element_type=\"widget\" data-e-type=\"widget\" data-widget_type=\"text-editor.default\">\n\t\t\t\t<div class=\"elementor-widget-container\">\n\t\t\t\t\t\t\t\t\t<p data-pm-slice=\"1 1 []\">Uygulama a\u015famas\u0131, detaylara g\u00f6sterilen \u00f6zen ve i\u015f\u00e7ilik kalitesiyle dikkat \u00e7eken bir s\u00fcre\u00e7 olarak tamamland\u0131. Zemin, duvar ve tavan uygulamalar\u0131, se\u00e7ilen malzeme paletine uygun \u015fekilde titizlikle ger\u00e7ekle\u015ftirildi. Hijyen standartlar\u0131n\u0131 destekleyen y\u00fczey \u00e7\u00f6z\u00fcmleri ve \u00f6zel \u00fcretim sabit mobilyalar alana entegre edildi. Do\u011fru konumland\u0131r\u0131lm\u0131\u015f ayd\u0131nlatma elemanlar\u0131, mek\u00e2na zarif bir \u0131\u015f\u0131lt\u0131 kazand\u0131rarak, projenin hedeflenen atmosferine ula\u015fmas\u0131n\u0131 sa\u011flad\u0131.<\/p>\t\t\t\t\t\t\t\t<\/div>\n\t\t\t\t<\/div>\n\t\t\t\t<\/div>\n\t\t\t\t<\/div>\n\t\t\t\t<div class=\"elementor-element elementor-element-6bb58d8 elementor-widget elementor-widget-gallery\" data-id=\"6bb58d8\" data-element_type=\"widget\" data-e-type=\"widget\" data-settings=\"{&quot;columns_tablet&quot;:3,&quot;columns_mobile&quot;:3,&quot;gap_mobile&quot;:{&quot;unit&quot;:&quot;px&quot;,&quot;size&quot;:0,&quot;sizes&quot;:[]},&quot;aspect_ratio&quot;:&quot;1:1&quot;,&quot;image_hover_animation&quot;:&quot;grow&quot;,&quot;columns&quot;:6,&quot;gap&quot;:{&quot;unit&quot;:&quot;px&quot;,&quot;size&quot;:0,&quot;sizes&quot;:[]},&quot;gap_tablet&quot;:{&quot;unit&quot;:&quot;px&quot;,&quot;size&quot;:0,&quot;sizes&quot;:[]},&quot;lazyload&quot;:&quot;yes&quot;,&quot;gallery_layout&quot;:&quot;grid&quot;,&quot;link_to&quot;:&quot;file&quot;,&quot;overlay_background&quot;:&quot;yes&quot;}\" data-widget_type=\"gallery.default\">\n\t\t\t\t<div class=\"elementor-widget-container\">\n\t\t\t\t\t\t\t<div class=\"elementor-gallery__container\">\n\t\t\t\t\t\t\t<a class=\"e-gallery-item elementor-gallery-item elementor-animated-content\" href=\"https:\/\/www.dorafurniture.com\/wp-content\/uploads\/2025\/10\/dora-furniture-proje-frankfurt-restoran-odasi-00.webp\" data-elementor-open-lightbox=\"yes\" data-elementor-lightbox-slideshow=\"6bb58d8\" data-e-action-hash=\"#elementor-action%3Aaction%3Dlightbox%26settings%3DeyJpZCI6MTgzNCwidXJsIjoiaHR0cHM6XC9cL3d3dy5kb3JhZnVybml0dXJlLmNvbVwvd3AtY29udGVudFwvdXBsb2Fkc1wvMjAyNVwvMTBcL2RvcmEtZnVybml0dXJlLXByb2plLWZyYW5rZnVydC1yZXN0b3Jhbi1vZGFzaS0wMC53ZWJwIiwic2xpZGVzaG93IjoiNmJiNThkOCJ9\">\n\t\t\t\t\t<div class=\"e-gallery-image elementor-gallery-item__image\" data-thumbnail=\"https:\/\/www.dorafurniture.com\/wp-content\/uploads\/2025\/10\/dora-furniture-proje-frankfurt-restoran-odasi-00.webp\" data-width=\"1920\" data-height=\"1080\" aria-label=\"\" role=\"img\" ><\/div>\n\t\t\t\t\t\t\t\t\t\t\t<div class=\"elementor-gallery-item__overlay\"><\/div>\n\t\t\t\t\t\t\t\t\t\t\t\t\t\t<\/a>\n\t\t\t\t\t\t\t<a class=\"e-gallery-item elementor-gallery-item elementor-animated-content\" href=\"https:\/\/www.dorafurniture.com\/wp-content\/uploads\/2025\/10\/dora-furniture-proje-frankfurt-restoran-odasi-01.webp\" data-elementor-open-lightbox=\"yes\" data-elementor-lightbox-slideshow=\"6bb58d8\" data-e-action-hash=\"#elementor-action%3Aaction%3Dlightbox%26settings%3DeyJpZCI6MTgzNSwidXJsIjoiaHR0cHM6XC9cL3d3dy5kb3JhZnVybml0dXJlLmNvbVwvd3AtY29udGVudFwvdXBsb2Fkc1wvMjAyNVwvMTBcL2RvcmEtZnVybml0dXJlLXByb2plLWZyYW5rZnVydC1yZXN0b3Jhbi1vZGFzaS0wMS53ZWJwIiwic2xpZGVzaG93IjoiNmJiNThkOCJ9\">\n\t\t\t\t\t<div class=\"e-gallery-image elementor-gallery-item__image\" data-thumbnail=\"https:\/\/www.dorafurniture.com\/wp-content\/uploads\/2025\/10\/dora-furniture-proje-frankfurt-restoran-odasi-01.webp\" data-width=\"1920\" data-height=\"1080\" aria-label=\"\" role=\"img\" ><\/div>\n\t\t\t\t\t\t\t\t\t\t\t<div class=\"elementor-gallery-item__overlay\"><\/div>\n\t\t\t\t\t\t\t\t\t\t\t\t\t\t<\/a>\n\t\t\t\t\t\t\t<a class=\"e-gallery-item elementor-gallery-item elementor-animated-content\" href=\"https:\/\/www.dorafurniture.com\/wp-content\/uploads\/2025\/10\/dora-furniture-proje-frankfurt-restoran-odasi-02.webp\" data-elementor-open-lightbox=\"yes\" data-elementor-lightbox-slideshow=\"6bb58d8\" data-e-action-hash=\"#elementor-action%3Aaction%3Dlightbox%26settings%3DeyJpZCI6MTgzNiwidXJsIjoiaHR0cHM6XC9cL3d3dy5kb3JhZnVybml0dXJlLmNvbVwvd3AtY29udGVudFwvdXBsb2Fkc1wvMjAyNVwvMTBcL2RvcmEtZnVybml0dXJlLXByb2plLWZyYW5rZnVydC1yZXN0b3Jhbi1vZGFzaS0wMi53ZWJwIiwic2xpZGVzaG93IjoiNmJiNThkOCJ9\">\n\t\t\t\t\t<div class=\"e-gallery-image elementor-gallery-item__image\" data-thumbnail=\"https:\/\/www.dorafurniture.com\/wp-content\/uploads\/2025\/10\/dora-furniture-proje-frankfurt-restoran-odasi-02.webp\" data-width=\"1920\" data-height=\"1080\" aria-label=\"\" role=\"img\" ><\/div>\n\t\t\t\t\t\t\t\t\t\t\t<div class=\"elementor-gallery-item__overlay\"><\/div>\n\t\t\t\t\t\t\t\t\t\t\t\t\t\t<\/a>\n\t\t\t\t\t\t\t<a class=\"e-gallery-item elementor-gallery-item elementor-animated-content\" href=\"https:\/\/www.dorafurniture.com\/wp-content\/uploads\/2025\/10\/dora-furniture-proje-frankfurt-restoran-odasi-03.webp\" data-elementor-open-lightbox=\"yes\" data-elementor-lightbox-slideshow=\"6bb58d8\" data-e-action-hash=\"#elementor-action%3Aaction%3Dlightbox%26settings%3DeyJpZCI6MTgzNywidXJsIjoiaHR0cHM6XC9cL3d3dy5kb3JhZnVybml0dXJlLmNvbVwvd3AtY29udGVudFwvdXBsb2Fkc1wvMjAyNVwvMTBcL2RvcmEtZnVybml0dXJlLXByb2plLWZyYW5rZnVydC1yZXN0b3Jhbi1vZGFzaS0wMy53ZWJwIiwic2xpZGVzaG93IjoiNmJiNThkOCJ9\">\n\t\t\t\t\t<div class=\"e-gallery-image elementor-gallery-item__image\" data-thumbnail=\"https:\/\/www.dorafurniture.com\/wp-content\/uploads\/2025\/10\/dora-furniture-proje-frankfurt-restoran-odasi-03.webp\" data-width=\"1920\" data-height=\"1080\" aria-label=\"\" role=\"img\" ><\/div>\n\t\t\t\t\t\t\t\t\t\t\t<div class=\"elementor-gallery-item__overlay\"><\/div>\n\t\t\t\t\t\t\t\t\t\t\t\t\t\t<\/a>\n\t\t\t\t\t\t\t<a class=\"e-gallery-item elementor-gallery-item elementor-animated-content\" href=\"https:\/\/www.dorafurniture.com\/wp-content\/uploads\/2025\/10\/dora-furniture-proje-frankfurt-restoran-odasi-04.webp\" data-elementor-open-lightbox=\"yes\" data-elementor-lightbox-slideshow=\"6bb58d8\" data-e-action-hash=\"#elementor-action%3Aaction%3Dlightbox%26settings%3DeyJpZCI6MTgzOCwidXJsIjoiaHR0cHM6XC9cL3d3dy5kb3JhZnVybml0dXJlLmNvbVwvd3AtY29udGVudFwvdXBsb2Fkc1wvMjAyNVwvMTBcL2RvcmEtZnVybml0dXJlLXByb2plLWZyYW5rZnVydC1yZXN0b3Jhbi1vZGFzaS0wNC53ZWJwIiwic2xpZGVzaG93IjoiNmJiNThkOCJ9\">\n\t\t\t\t\t<div class=\"e-gallery-image elementor-gallery-item__image\" data-thumbnail=\"https:\/\/www.dorafurniture.com\/wp-content\/uploads\/2025\/10\/dora-furniture-proje-frankfurt-restoran-odasi-04.webp\" data-width=\"1920\" data-height=\"1080\" aria-label=\"\" role=\"img\" ><\/div>\n\t\t\t\t\t\t\t\t\t\t\t<div class=\"elementor-gallery-item__overlay\"><\/div>\n\t\t\t\t\t\t\t\t\t\t\t\t\t\t<\/a>\n\t\t\t\t\t\t\t<a class=\"e-gallery-item elementor-gallery-item elementor-animated-content\" href=\"https:\/\/www.dorafurniture.com\/wp-content\/uploads\/2025\/10\/dora-furniture-proje-frankfurt-restoran-odasi-06.webp\" data-elementor-open-lightbox=\"yes\" data-elementor-lightbox-slideshow=\"6bb58d8\" data-e-action-hash=\"#elementor-action%3Aaction%3Dlightbox%26settings%3DeyJpZCI6MTg0MCwidXJsIjoiaHR0cHM6XC9cL3d3dy5kb3JhZnVybml0dXJlLmNvbVwvd3AtY29udGVudFwvdXBsb2Fkc1wvMjAyNVwvMTBcL2RvcmEtZnVybml0dXJlLXByb2plLWZyYW5rZnVydC1yZXN0b3Jhbi1vZGFzaS0wNi53ZWJwIiwic2xpZGVzaG93IjoiNmJiNThkOCJ9\">\n\t\t\t\t\t<div class=\"e-gallery-image elementor-gallery-item__image\" data-thumbnail=\"https:\/\/www.dorafurniture.com\/wp-content\/uploads\/2025\/10\/dora-furniture-proje-frankfurt-restoran-odasi-06.webp\" data-width=\"1920\" data-height=\"1080\" aria-label=\"\" role=\"img\" ><\/div>\n\t\t\t\t\t\t\t\t\t\t\t<div class=\"elementor-gallery-item__overlay\"><\/div>\n\t\t\t\t\t\t\t\t\t\t\t\t\t\t<\/a>\n\t\t\t\t\t<\/div>\n\t\t\t\t\t<\/div>\n\t\t\t\t<\/div>\n\t\t\t\t\t<\/div>\n\t\t\t\t<\/div>\n\t\t\t\t<\/div>\n\t\t","protected":false},"excerpt":{"rendered":"<p>Restoran Frankfurt, Almanya 45 g\u00fcn RESTORAN FRANKFURT Genel Bak\u0131\u015f Frankfurt\u2019ta konumlanan bu restoran projesi, \u015fehirdeki modern yeme-i\u00e7me k\u00fclt\u00fcr\u00fcne rafine bir yorum kazand\u0131rmak amac\u0131yla tasarland\u0131. Kullan\u0131c\u0131lara ilk bak\u0131\u015fta ferahl\u0131k ve zarafet hissi veren, ayn\u0131 zamanda kusursuz hijyen alg\u0131s\u0131 yaratan bir mek\u00e2n yarat\u0131lmas\u0131 hedeflendi. Proje, \u00e7a\u011fda\u015f \u00e7izgilerle kurgulanan, \u0131\u015f\u0131\u011f\u0131n mek\u00e2nla b\u00fct\u00fcnle\u015fti\u011fi g\u00fc\u00e7l\u00fc bir tasar\u0131m anlay\u0131\u015f\u0131yla hayata ge\u00e7irildi. [&hellip;]<\/p>\n","protected":false},"author":1,"featured_media":0,"parent":0,"menu_order":0,"comment_status":"closed","ping_status":"closed","template":"elementor_header_footer","meta":{"footnotes":""},"class_list":["post-1492","page","type-page","status-publish","hentry"],"_links":{"self":[{"href":"https:\/\/www.dorafurniture.com\/en\/wp-json\/wp\/v2\/pages\/1492","targetHints":{"allow":["GET"]}}],"collection":[{"href":"https:\/\/www.dorafurniture.com\/en\/wp-json\/wp\/v2\/pages"}],"about":[{"href":"https:\/\/www.dorafurniture.com\/en\/wp-json\/wp\/v2\/types\/page"}],"author":[{"embeddable":true,"href":"https:\/\/www.dorafurniture.com\/en\/wp-json\/wp\/v2\/users\/1"}],"replies":[{"embeddable":true,"href":"https:\/\/www.dorafurniture.com\/en\/wp-json\/wp\/v2\/comments?post=1492"}],"version-history":[{"count":16,"href":"https:\/\/www.dorafurniture.com\/en\/wp-json\/wp\/v2\/pages\/1492\/revisions"}],"predecessor-version":[{"id":2264,"href":"https:\/\/www.dorafurniture.com\/en\/wp-json\/wp\/v2\/pages\/1492\/revisions\/2264"}],"wp:attachment":[{"href":"https:\/\/www.dorafurniture.com\/en\/wp-json\/wp\/v2\/media?parent=1492"}],"curies":[{"name":"wp","href":"https:\/\/api.w.org\/{rel}","templated":true}]}}