{"id":1487,"date":"2025-04-22T23:21:51","date_gmt":"2025-04-22T20:21:51","guid":{"rendered":"https:\/\/dorafurniture.com\/?page_id=1487"},"modified":"2025-10-13T19:27:31","modified_gmt":"2025-10-13T16:27:31","slug":"koyum-sark-restoran","status":"publish","type":"page","link":"https:\/\/www.dorafurniture.com\/en\/koyum-sark-restoran\/","title":{"rendered":"K\u00f6y\u00fcm \u015eark Restoran"},"content":{"rendered":"\t\t<div data-elementor-type=\"wp-page\" data-elementor-id=\"1487\" class=\"elementor elementor-1487\" data-elementor-post-type=\"page\">\n\t\t\t\t<div class=\"elementor-element elementor-element-2d1070d e-flex e-con-boxed e-con e-parent\" data-id=\"2d1070d\" data-element_type=\"container\" data-e-type=\"container\" data-settings=\"{&quot;background_background&quot;:&quot;classic&quot;}\">\n\t\t\t\t\t<div class=\"e-con-inner\">\n\t\t<div class=\"elementor-element elementor-element-5df93e3 e-con-full e-flex elementor-invisible e-con e-child\" data-id=\"5df93e3\" data-element_type=\"container\" data-e-type=\"container\" data-settings=\"{&quot;background_background&quot;:&quot;classic&quot;,&quot;animation&quot;:&quot;fadeIn&quot;}\">\n\t\t<div class=\"elementor-element elementor-element-189442d e-con-full e-flex e-con e-child\" data-id=\"189442d\" data-element_type=\"container\" data-e-type=\"container\">\n\t\t\t\t<div class=\"elementor-element elementor-element-f1a09f6 elementor-align-left blur-btn elementor-widget elementor-widget-button\" data-id=\"f1a09f6\" data-element_type=\"widget\" data-e-type=\"widget\" data-settings=\"{&quot;_animation_mobile&quot;:&quot;none&quot;}\" data-widget_type=\"button.default\">\n\t\t\t\t<div class=\"elementor-widget-container\">\n\t\t\t\t\t\t\t\t\t<div class=\"elementor-button-wrapper\">\n\t\t\t\t\t<a class=\"elementor-button elementor-size-sm\" role=\"button\">\n\t\t\t\t\t\t<span class=\"elementor-button-content-wrapper\">\n\t\t\t\t\t\t<span class=\"elementor-button-icon\">\n\t\t\t\t<svg xmlns=\"http:\/\/www.w3.org\/2000\/svg\" id=\"Layer_1\" data-name=\"Layer 1\" viewBox=\"0 0 24 24\" width=\"512\" height=\"512\"><path d=\"M1.343,7.238A10.985,10.985,0,0,1,.01,1.95,1.948,1.948,0,0,1,3.336.572l5.15,5.489a4.978,4.978,0,0,0-.481,2.11c0,.113.025.222.032.334L2.01,2.079A8.965,8.965,0,0,0,3.093,6.273,22.462,22.462,0,0,0,7.558,12.2L6.143,13.62A23.638,23.638,0,0,1,1.343,7.238ZM12.912,15.33l-1.543,1.545a11.311,11.311,0,0,0,5.415.972l5.748,6.109,1.456-1.37-6.471-6.9A8.122,8.122,0,0,1,12.912,15.33Zm.794-2.209a3,3,0,0,0,4.239,0L24.01,7.05,22.6,5.635l-6.065,6.072a1,1,0,0,1-1.414,0L14.412,11l6.773-6.779L19.772,2.806,13,9.586l-.706-.707a1,1,0,0,1,0-1.415l6.065-6.072L16.945-.022,10.88,6.05a3.005,3.005,0,0,0,0,4.243l.706.707L.034,22.564l1.413,1.414L13,12.414Z\"><\/path><\/svg>\t\t\t<\/span>\n\t\t\t\t\t\t\t\t\t<span class=\"elementor-button-text\">Restoran<\/span>\n\t\t\t\t\t<\/span>\n\t\t\t\t\t<\/a>\n\t\t\t\t<\/div>\n\t\t\t\t\t\t\t\t<\/div>\n\t\t\t\t<\/div>\n\t\t\t\t<div class=\"elementor-element elementor-element-c82b484 elementor-align-left blur-btn elementor-hidden-mobile elementor-widget elementor-widget-button\" data-id=\"c82b484\" data-element_type=\"widget\" data-e-type=\"widget\" data-settings=\"{&quot;_animation_mobile&quot;:&quot;none&quot;}\" data-widget_type=\"button.default\">\n\t\t\t\t<div class=\"elementor-widget-container\">\n\t\t\t\t\t\t\t\t\t<div class=\"elementor-button-wrapper\">\n\t\t\t\t\t<a class=\"elementor-button elementor-size-sm\" role=\"button\">\n\t\t\t\t\t\t<span class=\"elementor-button-content-wrapper\">\n\t\t\t\t\t\t<span class=\"elementor-button-icon\">\n\t\t\t\t<svg xmlns=\"http:\/\/www.w3.org\/2000\/svg\" xmlns:xlink=\"http:\/\/www.w3.org\/1999\/xlink\" id=\"Capa_1\" x=\"0px\" y=\"0px\" viewBox=\"0 0 512 512\" style=\"enable-background:new 0 0 512 512;\" xml:space=\"preserve\" width=\"512\" height=\"512\"><g id=\"_01_align_center\">\t<path d=\"M255.104,512.171l-14.871-12.747C219.732,482.258,40.725,327.661,40.725,214.577c0-118.398,95.981-214.379,214.379-214.379   s214.379,95.981,214.379,214.379c0,113.085-179.007,267.682-199.423,284.932L255.104,512.171z M255.104,46.553   c-92.753,0.105-167.918,75.27-168.023,168.023c0,71.042,110.132,184.53,168.023,236.473   c57.892-51.964,168.023-165.517,168.023-236.473C423.022,121.823,347.858,46.659,255.104,46.553z\"><\/path>\t<path d=\"M255.104,299.555c-46.932,0-84.978-38.046-84.978-84.978s38.046-84.978,84.978-84.978s84.978,38.046,84.978,84.978   S302.037,299.555,255.104,299.555z M255.104,172.087c-23.466,0-42.489,19.023-42.489,42.489s19.023,42.489,42.489,42.489   s42.489-19.023,42.489-42.489S278.571,172.087,255.104,172.087z\"><\/path><\/g><\/svg>\t\t\t<\/span>\n\t\t\t\t\t\t\t\t\t<span class=\"elementor-button-text\">Arnavutk\u00f6y, \u0130stanbul<\/span>\n\t\t\t\t\t<\/span>\n\t\t\t\t\t<\/a>\n\t\t\t\t<\/div>\n\t\t\t\t\t\t\t\t<\/div>\n\t\t\t\t<\/div>\n\t\t\t\t<div class=\"elementor-element elementor-element-ede875a elementor-align-left blur-btn elementor-widget elementor-widget-button\" data-id=\"ede875a\" data-element_type=\"widget\" data-e-type=\"widget\" data-settings=\"{&quot;_animation_mobile&quot;:&quot;none&quot;}\" data-widget_type=\"button.default\">\n\t\t\t\t<div class=\"elementor-widget-container\">\n\t\t\t\t\t\t\t\t\t<div class=\"elementor-button-wrapper\">\n\t\t\t\t\t<a class=\"elementor-button elementor-size-sm\" role=\"button\">\n\t\t\t\t\t\t<span class=\"elementor-button-content-wrapper\">\n\t\t\t\t\t\t<span class=\"elementor-button-icon\">\n\t\t\t\t<svg xmlns=\"http:\/\/www.w3.org\/2000\/svg\" id=\"Layer_1\" height=\"24\" viewBox=\"0 0 24 24\" width=\"24\" data-name=\"Layer 1\"><path d=\"m23 11a1 1 0 0 0 -1 1 10.034 10.034 0 1 1 -2.9-7.021.862.862 0 0 1 -.1.021h-3a1 1 0 0 0 0 2h3a3 3 0 0 0 3-3v-3a1 1 0 0 0 -2 0v2.065a11.994 11.994 0 1 0 4 8.935 1 1 0 0 0 -1-1z\"><\/path><path d=\"m12 6a1 1 0 0 0 -1 1v5a1 1 0 0 0 .293.707l3 3a1 1 0 0 0 1.414-1.414l-2.707-2.707v-4.586a1 1 0 0 0 -1-1z\"><\/path><\/svg>\t\t\t<\/span>\n\t\t\t\t\t\t\t\t\t<span class=\"elementor-button-text\">30 g\u00fcn<\/span>\n\t\t\t\t\t<\/span>\n\t\t\t\t\t<\/a>\n\t\t\t\t<\/div>\n\t\t\t\t\t\t\t\t<\/div>\n\t\t\t\t<\/div>\n\t\t\t\t<\/div>\n\t\t\t\t<\/div>\n\t\t<div class=\"elementor-element elementor-element-7115f2a e-con-full e-flex elementor-invisible e-con e-child\" data-id=\"7115f2a\" data-element_type=\"container\" data-e-type=\"container\" data-settings=\"{&quot;animation&quot;:&quot;fadeIn&quot;}\">\n\t\t<div class=\"elementor-element elementor-element-88798c2 e-con-full e-flex e-con e-child\" data-id=\"88798c2\" data-element_type=\"container\" data-e-type=\"container\">\n\t\t\t\t<div class=\"elementor-element elementor-element-cf572e6 elementor-widget elementor-widget-heading\" data-id=\"cf572e6\" data-element_type=\"widget\" data-e-type=\"widget\" data-settings=\"{&quot;sticky&quot;:&quot;top&quot;,&quot;sticky_on&quot;:[&quot;desktop&quot;],&quot;sticky_offset&quot;:20,&quot;sticky_parent&quot;:&quot;yes&quot;,&quot;sticky_effects_offset&quot;:0,&quot;sticky_anchor_link_offset&quot;:0}\" data-widget_type=\"heading.default\">\n\t\t\t\t<div class=\"elementor-widget-container\">\n\t\t\t\t\t<h2 class=\"elementor-heading-title elementor-size-default\">K\u00d6Y\u00dcM \u015eARK<\/h2>\t\t\t\t<\/div>\n\t\t\t\t<\/div>\n\t\t\t\t<\/div>\n\t\t<div class=\"elementor-element elementor-element-f566f56 e-con-full e-flex e-con e-child\" data-id=\"f566f56\" data-element_type=\"container\" data-e-type=\"container\">\n\t\t\t\t<div class=\"elementor-element elementor-element-af8e0b2 elementor-widget elementor-widget-heading\" data-id=\"af8e0b2\" data-element_type=\"widget\" data-e-type=\"widget\" data-widget_type=\"heading.default\">\n\t\t\t\t<div class=\"elementor-widget-container\">\n\t\t\t\t\t<h2 class=\"elementor-heading-title elementor-size-default\">Genel Bak\u0131\u015f<\/h2>\t\t\t\t<\/div>\n\t\t\t\t<\/div>\n\t\t\t\t<div class=\"elementor-element elementor-element-ad6eefe elementor-widget elementor-widget-text-editor\" data-id=\"ad6eefe\" data-element_type=\"widget\" data-e-type=\"widget\" data-widget_type=\"text-editor.default\">\n\t\t\t\t<div class=\"elementor-widget-container\">\n\t\t\t\t\t\t\t\t\t<p data-pm-slice=\"1 1 []\">Geleneksel yemek k\u00fclt\u00fcr\u00fcn\u00fc \u00e7a\u011fda\u015f bir atmosferde sunmak isteyen m\u00fc\u015fterimiz i\u00e7in, 150 metrekarelik alana yay\u0131lan K\u00f6y\u00fcm \u015eark Restoran projesini hayata ge\u00e7irdik. Projenin temel yakla\u015f\u0131m\u0131; Anadolu mutfa\u011f\u0131n\u0131n s\u0131cakl\u0131\u011f\u0131n\u0131 ve samimiyetini modern tasar\u0131m \u00e7izgileriyle b\u00fct\u00fcnle\u015ftiren bir mek\u00e2n yaratmakt\u0131.<\/p>\t\t\t\t\t\t\t\t<\/div>\n\t\t\t\t<\/div>\n\t\t\t\t<div class=\"elementor-element elementor-element-244aee4 elementor-widget elementor-widget-heading\" data-id=\"244aee4\" data-element_type=\"widget\" data-e-type=\"widget\" data-widget_type=\"heading.default\">\n\t\t\t\t<div class=\"elementor-widget-container\">\n\t\t\t\t\t<h2 class=\"elementor-heading-title elementor-size-default\">M\u00fc\u015fteri Talepleri<\/h2>\t\t\t\t<\/div>\n\t\t\t\t<\/div>\n\t\t\t\t<div class=\"elementor-element elementor-element-4affe18 elementor-widget elementor-widget-text-editor\" data-id=\"4affe18\" data-element_type=\"widget\" data-e-type=\"widget\" data-widget_type=\"text-editor.default\">\n\t\t\t\t<div class=\"elementor-widget-container\">\n\t\t\t\t\t\t\t\t\t<p data-pm-slice=\"1 1 []\">M\u00fc\u015fterimiz, restoran\u0131n tam kapasiteyle verimli \u00e7al\u0131\u015fmas\u0131n\u0131 sa\u011flayacak \u015fekilde planlanmas\u0131n\u0131, ayn\u0131 zamanda m\u00fc\u015fteri konforunu art\u0131racak \u00f6zel alanlarla mahremiyetin \u00f6n planda tutulmas\u0131n\u0131 talep etti. Bu do\u011frultuda, mek\u00e2n\u0131n sosyal ve bireysel kullan\u0131ma uygun olarak esnek bi\u00e7imde kurgulanmas\u0131 hedeflendi.<\/p>\t\t\t\t\t\t\t\t<\/div>\n\t\t\t\t<\/div>\n\t\t\t\t<div class=\"elementor-element elementor-element-d9da0b6 elementor-widget elementor-widget-heading\" data-id=\"d9da0b6\" data-element_type=\"widget\" data-e-type=\"widget\" data-widget_type=\"heading.default\">\n\t\t\t\t<div class=\"elementor-widget-container\">\n\t\t\t\t\t<h2 class=\"elementor-heading-title elementor-size-default\">Projeye Haz\u0131rl\u0131k<\/h2>\t\t\t\t<\/div>\n\t\t\t\t<\/div>\n\t\t\t\t<div class=\"elementor-element elementor-element-938ee60 elementor-widget elementor-widget-text-editor\" data-id=\"938ee60\" data-element_type=\"widget\" data-e-type=\"widget\" data-widget_type=\"text-editor.default\">\n\t\t\t\t<div class=\"elementor-widget-container\">\n\t\t\t\t\t\t\t\t\t<p data-pm-slice=\"1 1 []\">Yerle\u015fim plan\u0131, sirk\u00fclasyon alanlar\u0131 ve servis ak\u0131\u015flar\u0131 g\u00f6z \u00f6n\u00fcnde bulundurularak dikkatle \u00e7\u00f6z\u00fcmlendi. Masa d\u00fczenleri optimize edildi; sabit dekor elemanlar\u0131 geleneksel \u00f6geleri \u00e7a\u011fr\u0131\u015ft\u0131racak \u015fekilde tasarland\u0131. T\u00fcm tasar\u0131m kararlar\u0131 dijital ortamda 3 boyutlu modellere d\u00f6n\u00fc\u015ft\u00fcr\u00fclerek m\u00fc\u015fteriye sunuldu ve onay s\u00fcrecinin ard\u0131ndan uygulamaya ge\u00e7ildi.<\/p>\t\t\t\t\t\t\t\t<\/div>\n\t\t\t\t<\/div>\n\t\t\t\t<div class=\"elementor-element elementor-element-6b69ba4 elementor-widget elementor-widget-heading\" data-id=\"6b69ba4\" data-element_type=\"widget\" data-e-type=\"widget\" data-widget_type=\"heading.default\">\n\t\t\t\t<div class=\"elementor-widget-container\">\n\t\t\t\t\t<h2 class=\"elementor-heading-title elementor-size-default\">Uygulama S\u00fcreci<\/h2>\t\t\t\t<\/div>\n\t\t\t\t<\/div>\n\t\t\t\t<div class=\"elementor-element elementor-element-b2c7aa9 elementor-widget elementor-widget-text-editor\" data-id=\"b2c7aa9\" data-element_type=\"widget\" data-e-type=\"widget\" data-widget_type=\"text-editor.default\">\n\t\t\t\t<div class=\"elementor-widget-container\">\n\t\t\t\t\t\t\t\t\t<p data-pm-slice=\"1 1 []\">Uygulama s\u00fcreci, mek\u00e2n\u0131n i\u015flevsel gereksinimlerini ve estetik b\u00fct\u00fcnl\u00fc\u011f\u00fcn\u00fc g\u00f6zeten ad\u0131mlarla hayata ge\u00e7irildi. \u00d6ncelikle yap\u0131 i\u00e7indeki altyap\u0131 d\u00fczenlemeleri tamamland\u0131, ard\u0131ndan zemin, duvar ve tavan kaplamalar\u0131 belirlenen tasar\u0131m diliyle uyumlu malzemelerle uyguland\u0131. Sabit mobilya \u00fcretimleri ve \u00f6zel tasar\u0131m dekoratif unsurlar yerle\u015ftirildikten sonra, ayd\u0131nlatma elemanlar\u0131 ve geleneksel dokunu\u015flar mek\u00e2na entegre edildi.<\/p>\t\t\t\t\t\t\t\t<\/div>\n\t\t\t\t<\/div>\n\t\t\t\t<\/div>\n\t\t\t\t<\/div>\n\t\t\t\t<div class=\"elementor-element elementor-element-9e18ba8 elementor-widget elementor-widget-gallery\" data-id=\"9e18ba8\" data-element_type=\"widget\" data-e-type=\"widget\" data-settings=\"{&quot;columns_tablet&quot;:3,&quot;columns_mobile&quot;:3,&quot;gap_mobile&quot;:{&quot;unit&quot;:&quot;px&quot;,&quot;size&quot;:0,&quot;sizes&quot;:[]},&quot;aspect_ratio&quot;:&quot;1:1&quot;,&quot;image_hover_animation&quot;:&quot;grow&quot;,&quot;columns&quot;:6,&quot;gap&quot;:{&quot;unit&quot;:&quot;px&quot;,&quot;size&quot;:0,&quot;sizes&quot;:[]},&quot;gap_tablet&quot;:{&quot;unit&quot;:&quot;px&quot;,&quot;size&quot;:0,&quot;sizes&quot;:[]},&quot;lazyload&quot;:&quot;yes&quot;,&quot;gallery_layout&quot;:&quot;grid&quot;,&quot;link_to&quot;:&quot;file&quot;,&quot;overlay_background&quot;:&quot;yes&quot;}\" data-widget_type=\"gallery.default\">\n\t\t\t\t<div class=\"elementor-widget-container\">\n\t\t\t\t\t\t\t<div class=\"elementor-gallery__container\">\n\t\t\t\t\t\t\t<a class=\"e-gallery-item elementor-gallery-item elementor-animated-content\" href=\"https:\/\/www.dorafurniture.com\/wp-content\/uploads\/2025\/10\/dora-furniture-proje-arnavutkoy-restoran-00.webp\" data-elementor-open-lightbox=\"yes\" data-elementor-lightbox-slideshow=\"9e18ba8\" data-e-action-hash=\"#elementor-action%3Aaction%3Dlightbox%26settings%3DeyJpZCI6MTg2NSwidXJsIjoiaHR0cHM6XC9cL3d3dy5kb3JhZnVybml0dXJlLmNvbVwvd3AtY29udGVudFwvdXBsb2Fkc1wvMjAyNVwvMTBcL2RvcmEtZnVybml0dXJlLXByb2plLWFybmF2dXRrb3ktcmVzdG9yYW4tMDAud2VicCIsInNsaWRlc2hvdyI6IjllMThiYTgifQ%3D%3D\">\n\t\t\t\t\t<div class=\"e-gallery-image elementor-gallery-item__image\" data-thumbnail=\"https:\/\/www.dorafurniture.com\/wp-content\/uploads\/2025\/10\/dora-furniture-proje-arnavutkoy-restoran-00.webp\" data-width=\"1920\" data-height=\"1080\" aria-label=\"\" role=\"img\" ><\/div>\n\t\t\t\t\t\t\t\t\t\t\t<div class=\"elementor-gallery-item__overlay\"><\/div>\n\t\t\t\t\t\t\t\t\t\t\t\t\t\t<\/a>\n\t\t\t\t\t\t\t<a class=\"e-gallery-item elementor-gallery-item elementor-animated-content\" href=\"https:\/\/www.dorafurniture.com\/wp-content\/uploads\/2025\/10\/dora-furniture-proje-arnavutkoy-restoran-01.webp\" data-elementor-open-lightbox=\"yes\" data-elementor-lightbox-slideshow=\"9e18ba8\" data-e-action-hash=\"#elementor-action%3Aaction%3Dlightbox%26settings%3DeyJpZCI6MTg2NiwidXJsIjoiaHR0cHM6XC9cL3d3dy5kb3JhZnVybml0dXJlLmNvbVwvd3AtY29udGVudFwvdXBsb2Fkc1wvMjAyNVwvMTBcL2RvcmEtZnVybml0dXJlLXByb2plLWFybmF2dXRrb3ktcmVzdG9yYW4tMDEud2VicCIsInNsaWRlc2hvdyI6IjllMThiYTgifQ%3D%3D\">\n\t\t\t\t\t<div class=\"e-gallery-image elementor-gallery-item__image\" data-thumbnail=\"https:\/\/www.dorafurniture.com\/wp-content\/uploads\/2025\/10\/dora-furniture-proje-arnavutkoy-restoran-01.webp\" data-width=\"1920\" data-height=\"1080\" aria-label=\"\" role=\"img\" ><\/div>\n\t\t\t\t\t\t\t\t\t\t\t<div class=\"elementor-gallery-item__overlay\"><\/div>\n\t\t\t\t\t\t\t\t\t\t\t\t\t\t<\/a>\n\t\t\t\t\t\t\t<a class=\"e-gallery-item elementor-gallery-item elementor-animated-content\" href=\"https:\/\/www.dorafurniture.com\/wp-content\/uploads\/2025\/10\/dora-furniture-proje-arnavutkoy-restoran-03.webp\" data-elementor-open-lightbox=\"yes\" data-elementor-lightbox-slideshow=\"9e18ba8\" data-e-action-hash=\"#elementor-action%3Aaction%3Dlightbox%26settings%3DeyJpZCI6MTg2OCwidXJsIjoiaHR0cHM6XC9cL3d3dy5kb3JhZnVybml0dXJlLmNvbVwvd3AtY29udGVudFwvdXBsb2Fkc1wvMjAyNVwvMTBcL2RvcmEtZnVybml0dXJlLXByb2plLWFybmF2dXRrb3ktcmVzdG9yYW4tMDMud2VicCIsInNsaWRlc2hvdyI6IjllMThiYTgifQ%3D%3D\">\n\t\t\t\t\t<div class=\"e-gallery-image elementor-gallery-item__image\" data-thumbnail=\"https:\/\/www.dorafurniture.com\/wp-content\/uploads\/2025\/10\/dora-furniture-proje-arnavutkoy-restoran-03.webp\" data-width=\"1920\" data-height=\"1080\" aria-label=\"\" role=\"img\" ><\/div>\n\t\t\t\t\t\t\t\t\t\t\t<div class=\"elementor-gallery-item__overlay\"><\/div>\n\t\t\t\t\t\t\t\t\t\t\t\t\t\t<\/a>\n\t\t\t\t\t\t\t<a class=\"e-gallery-item elementor-gallery-item elementor-animated-content\" href=\"https:\/\/www.dorafurniture.com\/wp-content\/uploads\/2025\/10\/dora-furniture-proje-arnavutkoy-restoran-05.webp\" data-elementor-open-lightbox=\"yes\" data-elementor-lightbox-slideshow=\"9e18ba8\" data-e-action-hash=\"#elementor-action%3Aaction%3Dlightbox%26settings%3DeyJpZCI6MTg3MCwidXJsIjoiaHR0cHM6XC9cL3d3dy5kb3JhZnVybml0dXJlLmNvbVwvd3AtY29udGVudFwvdXBsb2Fkc1wvMjAyNVwvMTBcL2RvcmEtZnVybml0dXJlLXByb2plLWFybmF2dXRrb3ktcmVzdG9yYW4tMDUud2VicCIsInNsaWRlc2hvdyI6IjllMThiYTgifQ%3D%3D\">\n\t\t\t\t\t<div class=\"e-gallery-image elementor-gallery-item__image\" data-thumbnail=\"https:\/\/www.dorafurniture.com\/wp-content\/uploads\/2025\/10\/dora-furniture-proje-arnavutkoy-restoran-05.webp\" data-width=\"1920\" data-height=\"1080\" aria-label=\"\" role=\"img\" ><\/div>\n\t\t\t\t\t\t\t\t\t\t\t<div class=\"elementor-gallery-item__overlay\"><\/div>\n\t\t\t\t\t\t\t\t\t\t\t\t\t\t<\/a>\n\t\t\t\t\t\t\t<a class=\"e-gallery-item elementor-gallery-item elementor-animated-content\" href=\"https:\/\/www.dorafurniture.com\/wp-content\/uploads\/2025\/10\/dora-furniture-proje-arnavutkoy-restoran-04.webp\" data-elementor-open-lightbox=\"yes\" data-elementor-lightbox-slideshow=\"9e18ba8\" data-e-action-hash=\"#elementor-action%3Aaction%3Dlightbox%26settings%3DeyJpZCI6MTg2OSwidXJsIjoiaHR0cHM6XC9cL3d3dy5kb3JhZnVybml0dXJlLmNvbVwvd3AtY29udGVudFwvdXBsb2Fkc1wvMjAyNVwvMTBcL2RvcmEtZnVybml0dXJlLXByb2plLWFybmF2dXRrb3ktcmVzdG9yYW4tMDQud2VicCIsInNsaWRlc2hvdyI6IjllMThiYTgifQ%3D%3D\">\n\t\t\t\t\t<div class=\"e-gallery-image elementor-gallery-item__image\" data-thumbnail=\"https:\/\/www.dorafurniture.com\/wp-content\/uploads\/2025\/10\/dora-furniture-proje-arnavutkoy-restoran-04.webp\" data-width=\"1920\" data-height=\"1080\" aria-label=\"\" role=\"img\" ><\/div>\n\t\t\t\t\t\t\t\t\t\t\t<div class=\"elementor-gallery-item__overlay\"><\/div>\n\t\t\t\t\t\t\t\t\t\t\t\t\t\t<\/a>\n\t\t\t\t\t\t\t<a class=\"e-gallery-item elementor-gallery-item elementor-animated-content\" href=\"https:\/\/www.dorafurniture.com\/wp-content\/uploads\/2025\/10\/dora-furniture-proje-arnavutkoy-restoran-06.webp\" data-elementor-open-lightbox=\"yes\" data-elementor-lightbox-slideshow=\"9e18ba8\" data-e-action-hash=\"#elementor-action%3Aaction%3Dlightbox%26settings%3DeyJpZCI6MTg3MSwidXJsIjoiaHR0cHM6XC9cL3d3dy5kb3JhZnVybml0dXJlLmNvbVwvd3AtY29udGVudFwvdXBsb2Fkc1wvMjAyNVwvMTBcL2RvcmEtZnVybml0dXJlLXByb2plLWFybmF2dXRrb3ktcmVzdG9yYW4tMDYud2VicCIsInNsaWRlc2hvdyI6IjllMThiYTgifQ%3D%3D\">\n\t\t\t\t\t<div class=\"e-gallery-image elementor-gallery-item__image\" data-thumbnail=\"https:\/\/www.dorafurniture.com\/wp-content\/uploads\/2025\/10\/dora-furniture-proje-arnavutkoy-restoran-06.webp\" data-width=\"1920\" data-height=\"1080\" aria-label=\"\" role=\"img\" ><\/div>\n\t\t\t\t\t\t\t\t\t\t\t<div class=\"elementor-gallery-item__overlay\"><\/div>\n\t\t\t\t\t\t\t\t\t\t\t\t\t\t<\/a>\n\t\t\t\t\t<\/div>\n\t\t\t\t\t<\/div>\n\t\t\t\t<\/div>\n\t\t\t\t\t<\/div>\n\t\t\t\t<\/div>\n\t\t\t\t<\/div>\n\t\t","protected":false},"excerpt":{"rendered":"<p>Restoran Arnavutk\u00f6y, \u0130stanbul 30 g\u00fcn K\u00d6Y\u00dcM \u015eARK Genel Bak\u0131\u015f Geleneksel yemek k\u00fclt\u00fcr\u00fcn\u00fc \u00e7a\u011fda\u015f bir atmosferde sunmak isteyen m\u00fc\u015fterimiz i\u00e7in, 150 metrekarelik alana yay\u0131lan K\u00f6y\u00fcm \u015eark Restoran projesini hayata ge\u00e7irdik. Projenin temel yakla\u015f\u0131m\u0131; Anadolu mutfa\u011f\u0131n\u0131n s\u0131cakl\u0131\u011f\u0131n\u0131 ve samimiyetini modern tasar\u0131m \u00e7izgileriyle b\u00fct\u00fcnle\u015ftiren bir mek\u00e2n yaratmakt\u0131. M\u00fc\u015fteri Talepleri M\u00fc\u015fterimiz, restoran\u0131n tam kapasiteyle verimli \u00e7al\u0131\u015fmas\u0131n\u0131 sa\u011flayacak \u015fekilde planlanmas\u0131n\u0131, [&hellip;]<\/p>\n","protected":false},"author":1,"featured_media":0,"parent":0,"menu_order":0,"comment_status":"closed","ping_status":"closed","template":"elementor_header_footer","meta":{"footnotes":""},"class_list":["post-1487","page","type-page","status-publish","hentry"],"_links":{"self":[{"href":"https:\/\/www.dorafurniture.com\/en\/wp-json\/wp\/v2\/pages\/1487","targetHints":{"allow":["GET"]}}],"collection":[{"href":"https:\/\/www.dorafurniture.com\/en\/wp-json\/wp\/v2\/pages"}],"about":[{"href":"https:\/\/www.dorafurniture.com\/en\/wp-json\/wp\/v2\/types\/page"}],"author":[{"embeddable":true,"href":"https:\/\/www.dorafurniture.com\/en\/wp-json\/wp\/v2\/users\/1"}],"replies":[{"embeddable":true,"href":"https:\/\/www.dorafurniture.com\/en\/wp-json\/wp\/v2\/comments?post=1487"}],"version-history":[{"count":25,"href":"https:\/\/www.dorafurniture.com\/en\/wp-json\/wp\/v2\/pages\/1487\/revisions"}],"predecessor-version":[{"id":2255,"href":"https:\/\/www.dorafurniture.com\/en\/wp-json\/wp\/v2\/pages\/1487\/revisions\/2255"}],"wp:attachment":[{"href":"https:\/\/www.dorafurniture.com\/en\/wp-json\/wp\/v2\/media?parent=1487"}],"curies":[{"name":"wp","href":"https:\/\/api.w.org\/{rel}","templated":true}]}}