{"id":1482,"date":"2025-04-22T23:21:51","date_gmt":"2025-04-22T20:21:51","guid":{"rendered":"https:\/\/dorafurniture.com\/?page_id=1482"},"modified":"2025-10-13T19:23:58","modified_gmt":"2025-10-13T16:23:58","slug":"istanbul-gurpinar-villa-projesi","status":"publish","type":"page","link":"https:\/\/www.dorafurniture.com\/en\/istanbul-gurpinar-villa-projesi\/","title":{"rendered":"\u0130stanbul G\u00fcrp\u0131nar Villa Projesi"},"content":{"rendered":"\t\t<div data-elementor-type=\"wp-page\" data-elementor-id=\"1482\" class=\"elementor elementor-1482\" data-elementor-post-type=\"page\">\n\t\t\t\t<div class=\"elementor-element elementor-element-9fc2180 e-flex e-con-boxed e-con e-parent\" data-id=\"9fc2180\" data-element_type=\"container\" data-e-type=\"container\" data-settings=\"{&quot;background_background&quot;:&quot;classic&quot;}\">\n\t\t\t\t\t<div class=\"e-con-inner\">\n\t\t<div class=\"elementor-element elementor-element-220ec4e e-con-full e-flex elementor-invisible e-con e-child\" data-id=\"220ec4e\" data-element_type=\"container\" data-e-type=\"container\" data-settings=\"{&quot;background_background&quot;:&quot;classic&quot;,&quot;animation&quot;:&quot;fadeIn&quot;}\">\n\t\t<div class=\"elementor-element elementor-element-abf9e22 e-con-full e-flex e-con e-child\" data-id=\"abf9e22\" data-element_type=\"container\" data-e-type=\"container\">\n\t\t\t\t<div class=\"elementor-element elementor-element-9a519a2 elementor-align-left blur-btn elementor-widget elementor-widget-button\" data-id=\"9a519a2\" data-element_type=\"widget\" data-e-type=\"widget\" data-settings=\"{&quot;_animation_mobile&quot;:&quot;none&quot;}\" data-widget_type=\"button.default\">\n\t\t\t\t<div class=\"elementor-widget-container\">\n\t\t\t\t\t\t\t\t\t<div class=\"elementor-button-wrapper\">\n\t\t\t\t\t<a class=\"elementor-button elementor-size-sm\" role=\"button\">\n\t\t\t\t\t\t<span class=\"elementor-button-content-wrapper\">\n\t\t\t\t\t\t<span class=\"elementor-button-icon\">\n\t\t\t\t<svg xmlns=\"http:\/\/www.w3.org\/2000\/svg\" viewBox=\"0 0 24 24\" width=\"512\" height=\"512\"><g id=\"_01_align_center\" data-name=\"01 align center\"><path d=\"M13.338.833a2,2,0,0,0-2.676,0L0,10.429v10.4a3.2,3.2,0,0,0,3.2,3.2H20.8a3.2,3.2,0,0,0,3.2-3.2v-10.4ZM15,22.026H9V17a3,3,0,0,1,6,0Zm7-1.2a1.2,1.2,0,0,1-1.2,1.2H17V17A5,5,0,0,0,7,17v5.026H3.2a1.2,1.2,0,0,1-1.2-1.2V11.319l10-9,10,9Z\"><\/path><\/g><\/svg>\t\t\t<\/span>\n\t\t\t\t\t\t\t\t\t<span class=\"elementor-button-text\">Konut<\/span>\n\t\t\t\t\t<\/span>\n\t\t\t\t\t<\/a>\n\t\t\t\t<\/div>\n\t\t\t\t\t\t\t\t<\/div>\n\t\t\t\t<\/div>\n\t\t\t\t<div class=\"elementor-element elementor-element-d736f5c elementor-align-left blur-btn elementor-hidden-mobile elementor-widget elementor-widget-button\" data-id=\"d736f5c\" data-element_type=\"widget\" data-e-type=\"widget\" data-settings=\"{&quot;_animation_mobile&quot;:&quot;none&quot;}\" data-widget_type=\"button.default\">\n\t\t\t\t<div class=\"elementor-widget-container\">\n\t\t\t\t\t\t\t\t\t<div class=\"elementor-button-wrapper\">\n\t\t\t\t\t<a class=\"elementor-button elementor-size-sm\" role=\"button\">\n\t\t\t\t\t\t<span class=\"elementor-button-content-wrapper\">\n\t\t\t\t\t\t<span class=\"elementor-button-icon\">\n\t\t\t\t<svg xmlns=\"http:\/\/www.w3.org\/2000\/svg\" xmlns:xlink=\"http:\/\/www.w3.org\/1999\/xlink\" id=\"Capa_1\" x=\"0px\" y=\"0px\" viewBox=\"0 0 512 512\" style=\"enable-background:new 0 0 512 512;\" xml:space=\"preserve\" width=\"512\" height=\"512\"><g id=\"_01_align_center\">\t<path d=\"M255.104,512.171l-14.871-12.747C219.732,482.258,40.725,327.661,40.725,214.577c0-118.398,95.981-214.379,214.379-214.379   s214.379,95.981,214.379,214.379c0,113.085-179.007,267.682-199.423,284.932L255.104,512.171z M255.104,46.553   c-92.753,0.105-167.918,75.27-168.023,168.023c0,71.042,110.132,184.53,168.023,236.473   c57.892-51.964,168.023-165.517,168.023-236.473C423.022,121.823,347.858,46.659,255.104,46.553z\"><\/path>\t<path d=\"M255.104,299.555c-46.932,0-84.978-38.046-84.978-84.978s38.046-84.978,84.978-84.978s84.978,38.046,84.978,84.978   S302.037,299.555,255.104,299.555z M255.104,172.087c-23.466,0-42.489,19.023-42.489,42.489s19.023,42.489,42.489,42.489   s42.489-19.023,42.489-42.489S278.571,172.087,255.104,172.087z\"><\/path><\/g><\/svg>\t\t\t<\/span>\n\t\t\t\t\t\t\t\t\t<span class=\"elementor-button-text\">G\u00fcrp\u0131nar, \u0130stanbul<\/span>\n\t\t\t\t\t<\/span>\n\t\t\t\t\t<\/a>\n\t\t\t\t<\/div>\n\t\t\t\t\t\t\t\t<\/div>\n\t\t\t\t<\/div>\n\t\t\t\t<div class=\"elementor-element elementor-element-a210a1d elementor-align-left blur-btn elementor-widget elementor-widget-button\" data-id=\"a210a1d\" data-element_type=\"widget\" data-e-type=\"widget\" data-settings=\"{&quot;_animation_mobile&quot;:&quot;none&quot;}\" data-widget_type=\"button.default\">\n\t\t\t\t<div class=\"elementor-widget-container\">\n\t\t\t\t\t\t\t\t\t<div class=\"elementor-button-wrapper\">\n\t\t\t\t\t<a class=\"elementor-button elementor-size-sm\" role=\"button\">\n\t\t\t\t\t\t<span class=\"elementor-button-content-wrapper\">\n\t\t\t\t\t\t<span class=\"elementor-button-icon\">\n\t\t\t\t<svg xmlns=\"http:\/\/www.w3.org\/2000\/svg\" id=\"Layer_1\" height=\"24\" viewBox=\"0 0 24 24\" width=\"24\" data-name=\"Layer 1\"><path d=\"m23 11a1 1 0 0 0 -1 1 10.034 10.034 0 1 1 -2.9-7.021.862.862 0 0 1 -.1.021h-3a1 1 0 0 0 0 2h3a3 3 0 0 0 3-3v-3a1 1 0 0 0 -2 0v2.065a11.994 11.994 0 1 0 4 8.935 1 1 0 0 0 -1-1z\"><\/path><path d=\"m12 6a1 1 0 0 0 -1 1v5a1 1 0 0 0 .293.707l3 3a1 1 0 0 0 1.414-1.414l-2.707-2.707v-4.586a1 1 0 0 0 -1-1z\"><\/path><\/svg>\t\t\t<\/span>\n\t\t\t\t\t\t\t\t\t<span class=\"elementor-button-text\">55 g\u00fcn<\/span>\n\t\t\t\t\t<\/span>\n\t\t\t\t\t<\/a>\n\t\t\t\t<\/div>\n\t\t\t\t\t\t\t\t<\/div>\n\t\t\t\t<\/div>\n\t\t\t\t<\/div>\n\t\t\t\t<\/div>\n\t\t<div class=\"elementor-element elementor-element-f3ecad0 e-con-full e-flex elementor-invisible e-con e-child\" data-id=\"f3ecad0\" data-element_type=\"container\" data-e-type=\"container\" data-settings=\"{&quot;animation&quot;:&quot;fadeIn&quot;}\">\n\t\t<div class=\"elementor-element elementor-element-30035ec e-con-full e-flex e-con e-child\" data-id=\"30035ec\" data-element_type=\"container\" data-e-type=\"container\">\n\t\t\t\t<div class=\"elementor-element elementor-element-3a9a0df elementor-widget elementor-widget-heading\" data-id=\"3a9a0df\" data-element_type=\"widget\" data-e-type=\"widget\" data-settings=\"{&quot;sticky&quot;:&quot;top&quot;,&quot;sticky_on&quot;:[&quot;desktop&quot;],&quot;sticky_offset&quot;:20,&quot;sticky_parent&quot;:&quot;yes&quot;,&quot;sticky_effects_offset&quot;:0,&quot;sticky_anchor_link_offset&quot;:0}\" data-widget_type=\"heading.default\">\n\t\t\t\t<div class=\"elementor-widget-container\">\n\t\t\t\t\t<h2 class=\"elementor-heading-title elementor-size-default\">G\u00dcRPINAR V\u0130LLA<\/h2>\t\t\t\t<\/div>\n\t\t\t\t<\/div>\n\t\t\t\t<\/div>\n\t\t<div class=\"elementor-element elementor-element-05a7ee1 e-con-full e-flex e-con e-child\" data-id=\"05a7ee1\" data-element_type=\"container\" data-e-type=\"container\">\n\t\t\t\t<div class=\"elementor-element elementor-element-527d3ad elementor-widget elementor-widget-heading\" data-id=\"527d3ad\" data-element_type=\"widget\" data-e-type=\"widget\" data-widget_type=\"heading.default\">\n\t\t\t\t<div class=\"elementor-widget-container\">\n\t\t\t\t\t<h2 class=\"elementor-heading-title elementor-size-default\">Genel Bak\u0131\u015f<\/h2>\t\t\t\t<\/div>\n\t\t\t\t<\/div>\n\t\t\t\t<div class=\"elementor-element elementor-element-a50be9e elementor-widget elementor-widget-text-editor\" data-id=\"a50be9e\" data-element_type=\"widget\" data-e-type=\"widget\" data-widget_type=\"text-editor.default\">\n\t\t\t\t<div class=\"elementor-widget-container\">\n\t\t\t\t\t\t\t\t\t<p data-pm-slice=\"1 1 []\">\u0130stanbul G\u00fcrp\u0131nar\u2019da ger\u00e7ekle\u015ftirdi\u011fimiz \u00f6zel i\u00e7 tasar\u0131m projesi, kullan\u0131c\u0131n\u0131n ya\u015fam bi\u00e7imine ve estetik beklentilerine uygun olarak, modern, minimal ve \u00e7arp\u0131c\u0131 detaylar\u0131 bir araya getiren b\u00fct\u00fcnc\u00fcl bir i\u00e7 mek\u00e2n kurgusuyla hayata ge\u00e7irildi.<\/p>\t\t\t\t\t\t\t\t<\/div>\n\t\t\t\t<\/div>\n\t\t\t\t<div class=\"elementor-element elementor-element-a188aea elementor-widget elementor-widget-heading\" data-id=\"a188aea\" data-element_type=\"widget\" data-e-type=\"widget\" data-widget_type=\"heading.default\">\n\t\t\t\t<div class=\"elementor-widget-container\">\n\t\t\t\t\t<h2 class=\"elementor-heading-title elementor-size-default\">M\u00fc\u015fteri Talepleri<\/h2>\t\t\t\t<\/div>\n\t\t\t\t<\/div>\n\t\t\t\t<div class=\"elementor-element elementor-element-217b084 elementor-widget elementor-widget-text-editor\" data-id=\"217b084\" data-element_type=\"widget\" data-e-type=\"widget\" data-widget_type=\"text-editor.default\">\n\t\t\t\t<div class=\"elementor-widget-container\">\n\t\t\t\t\t\t\t\t\t<p data-pm-slice=\"1 1 []\">M\u00fc\u015fterimiz, yal\u0131n bir tasar\u0131m dili benimsenmesini isterken, ayn\u0131 zamanda mek\u00e2n\u0131n dikkat \u00e7eken, karakter sahibi detaylarla zenginle\u015ftirilmesini talep etti. Her ya\u015fam alan\u0131n\u0131n hem i\u015flevsel hem de g\u00f6rsel anlamda \u00f6ne \u00e7\u0131kan bir deneyim sunmas\u0131 hedeflendi. Malzeme se\u00e7imlerinde ise dokunsal kaliteye sahip y\u00fczeyler, do\u011fal dokular ve zarif ge\u00e7i\u015flerle dengeli bir \u015f\u0131kl\u0131k yakalanmas\u0131 \u00f6nceliklendirildi.<\/p>\t\t\t\t\t\t\t\t<\/div>\n\t\t\t\t<\/div>\n\t\t\t\t<div class=\"elementor-element elementor-element-0eec291 elementor-widget elementor-widget-heading\" data-id=\"0eec291\" data-element_type=\"widget\" data-e-type=\"widget\" data-widget_type=\"heading.default\">\n\t\t\t\t<div class=\"elementor-widget-container\">\n\t\t\t\t\t<h2 class=\"elementor-heading-title elementor-size-default\">Projeye Haz\u0131rl\u0131k<\/h2>\t\t\t\t<\/div>\n\t\t\t\t<\/div>\n\t\t\t\t<div class=\"elementor-element elementor-element-7cb316a elementor-widget elementor-widget-text-editor\" data-id=\"7cb316a\" data-element_type=\"widget\" data-e-type=\"widget\" data-widget_type=\"text-editor.default\">\n\t\t\t\t<div class=\"elementor-widget-container\">\n\t\t\t\t\t\t\t\t\t<p data-pm-slice=\"1 1 []\">Tasar\u0131m s\u00fcreci, ya\u015fam al\u0131\u015fkanl\u0131klar\u0131, mek\u00e2nsal kullan\u0131m senaryolar\u0131 ve alan\u0131n do\u011fal \u0131\u015f\u0131k potansiyeli analiz edilerek ba\u015flat\u0131ld\u0131. Fonksiyonel \u00e7\u00f6z\u00fcmlerle estetik beklentilerin kesi\u015fti\u011fi bir tasar\u0131m \u00e7izgisi olu\u015fturuldu. T\u00fcm ya\u015fam alanlar\u0131 i\u00e7in \u00f6zel olarak haz\u0131rlanan 2 boyutlu planlamalar ve 3 boyutlu g\u00f6rselle\u015ftirmeler, m\u00fc\u015fterinin onay\u0131yla birlikte nihai hale getirildi.<\/p>\t\t\t\t\t\t\t\t<\/div>\n\t\t\t\t<\/div>\n\t\t\t\t<div class=\"elementor-element elementor-element-df40a95 elementor-widget elementor-widget-heading\" data-id=\"df40a95\" data-element_type=\"widget\" data-e-type=\"widget\" data-widget_type=\"heading.default\">\n\t\t\t\t<div class=\"elementor-widget-container\">\n\t\t\t\t\t<h2 class=\"elementor-heading-title elementor-size-default\">Uygulama S\u00fcreci<\/h2>\t\t\t\t<\/div>\n\t\t\t\t<\/div>\n\t\t\t\t<div class=\"elementor-element elementor-element-91ddb86 elementor-widget elementor-widget-text-editor\" data-id=\"91ddb86\" data-element_type=\"widget\" data-e-type=\"widget\" data-widget_type=\"text-editor.default\">\n\t\t\t\t<div class=\"elementor-widget-container\">\n\t\t\t\t\t\t\t\t\t<p data-pm-slice=\"1 1 []\">Uygulama s\u00fcreci, titizlikle planlanan bir i\u015f takvimi \u00e7er\u00e7evesinde y\u00fcr\u00fct\u00fcld\u00fc. \u00d6n haz\u0131rl\u0131k \u00e7al\u0131\u015fmalar\u0131n\u0131n ard\u0131ndan, belirlenen tasar\u0131m dili do\u011frultusunda ince i\u015f\u00e7ilikle uygulamalar ger\u00e7ekle\u015ftirildi. \u00d6zel \u00fcretim sabit mobilyalar, do\u011fal ta\u015f y\u00fczeyler ve modern ayd\u0131nlatma elemanlar\u0131 ile mek\u00e2na hem zarafet hem de g\u00fc\u00e7l\u00fc bir kimlik kazand\u0131r\u0131ld\u0131. Proje, m\u00fc\u015fterinin estetik vizyonunu yans\u0131tan nitelikte tamamland\u0131.<\/p>\t\t\t\t\t\t\t\t<\/div>\n\t\t\t\t<\/div>\n\t\t\t\t<\/div>\n\t\t\t\t<\/div>\n\t\t\t\t<div class=\"elementor-element elementor-element-b01c2df elementor-widget elementor-widget-gallery\" data-id=\"b01c2df\" data-element_type=\"widget\" data-e-type=\"widget\" data-settings=\"{&quot;columns_tablet&quot;:5,&quot;columns_mobile&quot;:5,&quot;gap_mobile&quot;:{&quot;unit&quot;:&quot;px&quot;,&quot;size&quot;:0,&quot;sizes&quot;:[]},&quot;aspect_ratio&quot;:&quot;1:1&quot;,&quot;image_hover_animation&quot;:&quot;grow&quot;,&quot;columns&quot;:5,&quot;gap&quot;:{&quot;unit&quot;:&quot;px&quot;,&quot;size&quot;:0,&quot;sizes&quot;:[]},&quot;gap_tablet&quot;:{&quot;unit&quot;:&quot;px&quot;,&quot;size&quot;:0,&quot;sizes&quot;:[]},&quot;lazyload&quot;:&quot;yes&quot;,&quot;gallery_layout&quot;:&quot;grid&quot;,&quot;link_to&quot;:&quot;file&quot;,&quot;overlay_background&quot;:&quot;yes&quot;}\" data-widget_type=\"gallery.default\">\n\t\t\t\t<div class=\"elementor-widget-container\">\n\t\t\t\t\t\t\t<div class=\"elementor-gallery__container\">\n\t\t\t\t\t\t\t<a class=\"e-gallery-item elementor-gallery-item elementor-animated-content\" href=\"https:\/\/www.dorafurniture.com\/wp-content\/uploads\/2025\/10\/dora-furniture-proje-istanbul-gurpinar-villa-00.webp\" data-elementor-open-lightbox=\"yes\" data-elementor-lightbox-slideshow=\"b01c2df\" data-e-action-hash=\"#elementor-action%3Aaction%3Dlightbox%26settings%3DeyJpZCI6MTgxNywidXJsIjoiaHR0cHM6XC9cL3d3dy5kb3JhZnVybml0dXJlLmNvbVwvd3AtY29udGVudFwvdXBsb2Fkc1wvMjAyNVwvMTBcL2RvcmEtZnVybml0dXJlLXByb2plLWlzdGFuYnVsLWd1cnBpbmFyLXZpbGxhLTAwLndlYnAiLCJzbGlkZXNob3ciOiJiMDFjMmRmIn0%3D\">\n\t\t\t\t\t<div class=\"e-gallery-image elementor-gallery-item__image\" data-thumbnail=\"https:\/\/www.dorafurniture.com\/wp-content\/uploads\/2025\/10\/dora-furniture-proje-istanbul-gurpinar-villa-00.webp\" data-width=\"1920\" data-height=\"1080\" aria-label=\"\" role=\"img\" ><\/div>\n\t\t\t\t\t\t\t\t\t\t\t<div class=\"elementor-gallery-item__overlay\"><\/div>\n\t\t\t\t\t\t\t\t\t\t\t\t\t\t<\/a>\n\t\t\t\t\t\t\t<a class=\"e-gallery-item elementor-gallery-item elementor-animated-content\" href=\"https:\/\/www.dorafurniture.com\/wp-content\/uploads\/2025\/10\/dora-furniture-proje-istanbul-gurpinar-villa-01.webp\" data-elementor-open-lightbox=\"yes\" data-elementor-lightbox-slideshow=\"b01c2df\" data-e-action-hash=\"#elementor-action%3Aaction%3Dlightbox%26settings%3DeyJpZCI6MTgxOCwidXJsIjoiaHR0cHM6XC9cL3d3dy5kb3JhZnVybml0dXJlLmNvbVwvd3AtY29udGVudFwvdXBsb2Fkc1wvMjAyNVwvMTBcL2RvcmEtZnVybml0dXJlLXByb2plLWlzdGFuYnVsLWd1cnBpbmFyLXZpbGxhLTAxLndlYnAiLCJzbGlkZXNob3ciOiJiMDFjMmRmIn0%3D\">\n\t\t\t\t\t<div class=\"e-gallery-image elementor-gallery-item__image\" data-thumbnail=\"https:\/\/www.dorafurniture.com\/wp-content\/uploads\/2025\/10\/dora-furniture-proje-istanbul-gurpinar-villa-01.webp\" data-width=\"1920\" data-height=\"1080\" aria-label=\"\" role=\"img\" ><\/div>\n\t\t\t\t\t\t\t\t\t\t\t<div class=\"elementor-gallery-item__overlay\"><\/div>\n\t\t\t\t\t\t\t\t\t\t\t\t\t\t<\/a>\n\t\t\t\t\t\t\t<a class=\"e-gallery-item elementor-gallery-item elementor-animated-content\" href=\"https:\/\/www.dorafurniture.com\/wp-content\/uploads\/2025\/10\/dora-furniture-proje-istanbul-gurpinar-villa-02.webp\" data-elementor-open-lightbox=\"yes\" data-elementor-lightbox-slideshow=\"b01c2df\" data-e-action-hash=\"#elementor-action%3Aaction%3Dlightbox%26settings%3DeyJpZCI6MTgxOSwidXJsIjoiaHR0cHM6XC9cL3d3dy5kb3JhZnVybml0dXJlLmNvbVwvd3AtY29udGVudFwvdXBsb2Fkc1wvMjAyNVwvMTBcL2RvcmEtZnVybml0dXJlLXByb2plLWlzdGFuYnVsLWd1cnBpbmFyLXZpbGxhLTAyLndlYnAiLCJzbGlkZXNob3ciOiJiMDFjMmRmIn0%3D\">\n\t\t\t\t\t<div class=\"e-gallery-image elementor-gallery-item__image\" data-thumbnail=\"https:\/\/www.dorafurniture.com\/wp-content\/uploads\/2025\/10\/dora-furniture-proje-istanbul-gurpinar-villa-02.webp\" data-width=\"1920\" data-height=\"1080\" aria-label=\"\" role=\"img\" ><\/div>\n\t\t\t\t\t\t\t\t\t\t\t<div class=\"elementor-gallery-item__overlay\"><\/div>\n\t\t\t\t\t\t\t\t\t\t\t\t\t\t<\/a>\n\t\t\t\t\t\t\t<a class=\"e-gallery-item elementor-gallery-item elementor-animated-content\" href=\"https:\/\/www.dorafurniture.com\/wp-content\/uploads\/2025\/10\/dora-furniture-proje-istanbul-gurpinar-villa-03.webp\" data-elementor-open-lightbox=\"yes\" data-elementor-lightbox-slideshow=\"b01c2df\" data-e-action-hash=\"#elementor-action%3Aaction%3Dlightbox%26settings%3DeyJpZCI6MTgyMCwidXJsIjoiaHR0cHM6XC9cL3d3dy5kb3JhZnVybml0dXJlLmNvbVwvd3AtY29udGVudFwvdXBsb2Fkc1wvMjAyNVwvMTBcL2RvcmEtZnVybml0dXJlLXByb2plLWlzdGFuYnVsLWd1cnBpbmFyLXZpbGxhLTAzLndlYnAiLCJzbGlkZXNob3ciOiJiMDFjMmRmIn0%3D\">\n\t\t\t\t\t<div class=\"e-gallery-image elementor-gallery-item__image\" data-thumbnail=\"https:\/\/www.dorafurniture.com\/wp-content\/uploads\/2025\/10\/dora-furniture-proje-istanbul-gurpinar-villa-03.webp\" data-width=\"1920\" data-height=\"1080\" aria-label=\"\" role=\"img\" ><\/div>\n\t\t\t\t\t\t\t\t\t\t\t<div class=\"elementor-gallery-item__overlay\"><\/div>\n\t\t\t\t\t\t\t\t\t\t\t\t\t\t<\/a>\n\t\t\t\t\t\t\t<a class=\"e-gallery-item elementor-gallery-item elementor-animated-content\" href=\"https:\/\/www.dorafurniture.com\/wp-content\/uploads\/2025\/10\/dora-furniture-proje-istanbul-gurpinar-villa-04.webp\" data-elementor-open-lightbox=\"yes\" data-elementor-lightbox-slideshow=\"b01c2df\" data-e-action-hash=\"#elementor-action%3Aaction%3Dlightbox%26settings%3DeyJpZCI6MTgyMSwidXJsIjoiaHR0cHM6XC9cL3d3dy5kb3JhZnVybml0dXJlLmNvbVwvd3AtY29udGVudFwvdXBsb2Fkc1wvMjAyNVwvMTBcL2RvcmEtZnVybml0dXJlLXByb2plLWlzdGFuYnVsLWd1cnBpbmFyLXZpbGxhLTA0LndlYnAiLCJzbGlkZXNob3ciOiJiMDFjMmRmIn0%3D\">\n\t\t\t\t\t<div class=\"e-gallery-image elementor-gallery-item__image\" data-thumbnail=\"https:\/\/www.dorafurniture.com\/wp-content\/uploads\/2025\/10\/dora-furniture-proje-istanbul-gurpinar-villa-04.webp\" data-width=\"1920\" data-height=\"1080\" aria-label=\"\" role=\"img\" ><\/div>\n\t\t\t\t\t\t\t\t\t\t\t<div class=\"elementor-gallery-item__overlay\"><\/div>\n\t\t\t\t\t\t\t\t\t\t\t\t\t\t<\/a>\n\t\t\t\t\t\t\t<a class=\"e-gallery-item elementor-gallery-item elementor-animated-content\" href=\"https:\/\/www.dorafurniture.com\/wp-content\/uploads\/2025\/10\/dora-furniture-proje-istanbul-gurpinar-villa-05.webp\" data-elementor-open-lightbox=\"yes\" data-elementor-lightbox-slideshow=\"b01c2df\" data-e-action-hash=\"#elementor-action%3Aaction%3Dlightbox%26settings%3DeyJpZCI6MTgyMiwidXJsIjoiaHR0cHM6XC9cL3d3dy5kb3JhZnVybml0dXJlLmNvbVwvd3AtY29udGVudFwvdXBsb2Fkc1wvMjAyNVwvMTBcL2RvcmEtZnVybml0dXJlLXByb2plLWlzdGFuYnVsLWd1cnBpbmFyLXZpbGxhLTA1LndlYnAiLCJzbGlkZXNob3ciOiJiMDFjMmRmIn0%3D\">\n\t\t\t\t\t<div class=\"e-gallery-image elementor-gallery-item__image\" data-thumbnail=\"https:\/\/www.dorafurniture.com\/wp-content\/uploads\/2025\/10\/dora-furniture-proje-istanbul-gurpinar-villa-05.webp\" data-width=\"1920\" data-height=\"1080\" aria-label=\"\" role=\"img\" ><\/div>\n\t\t\t\t\t\t\t\t\t\t\t<div class=\"elementor-gallery-item__overlay\"><\/div>\n\t\t\t\t\t\t\t\t\t\t\t\t\t\t<\/a>\n\t\t\t\t\t\t\t<a class=\"e-gallery-item elementor-gallery-item elementor-animated-content\" href=\"https:\/\/www.dorafurniture.com\/wp-content\/uploads\/2025\/10\/dora-furniture-proje-istanbul-gurpinar-villa-06.webp\" data-elementor-open-lightbox=\"yes\" data-elementor-lightbox-slideshow=\"b01c2df\" data-e-action-hash=\"#elementor-action%3Aaction%3Dlightbox%26settings%3DeyJpZCI6MTgyMywidXJsIjoiaHR0cHM6XC9cL3d3dy5kb3JhZnVybml0dXJlLmNvbVwvd3AtY29udGVudFwvdXBsb2Fkc1wvMjAyNVwvMTBcL2RvcmEtZnVybml0dXJlLXByb2plLWlzdGFuYnVsLWd1cnBpbmFyLXZpbGxhLTA2LndlYnAiLCJzbGlkZXNob3ciOiJiMDFjMmRmIn0%3D\">\n\t\t\t\t\t<div class=\"e-gallery-image elementor-gallery-item__image\" data-thumbnail=\"https:\/\/www.dorafurniture.com\/wp-content\/uploads\/2025\/10\/dora-furniture-proje-istanbul-gurpinar-villa-06.webp\" data-width=\"1920\" data-height=\"1080\" aria-label=\"\" role=\"img\" ><\/div>\n\t\t\t\t\t\t\t\t\t\t\t<div class=\"elementor-gallery-item__overlay\"><\/div>\n\t\t\t\t\t\t\t\t\t\t\t\t\t\t<\/a>\n\t\t\t\t\t\t\t<a class=\"e-gallery-item elementor-gallery-item elementor-animated-content\" href=\"https:\/\/www.dorafurniture.com\/wp-content\/uploads\/2025\/10\/dora-furniture-proje-istanbul-gurpinar-villa-07.webp\" data-elementor-open-lightbox=\"yes\" data-elementor-lightbox-slideshow=\"b01c2df\" data-e-action-hash=\"#elementor-action%3Aaction%3Dlightbox%26settings%3DeyJpZCI6MTgyNCwidXJsIjoiaHR0cHM6XC9cL3d3dy5kb3JhZnVybml0dXJlLmNvbVwvd3AtY29udGVudFwvdXBsb2Fkc1wvMjAyNVwvMTBcL2RvcmEtZnVybml0dXJlLXByb2plLWlzdGFuYnVsLWd1cnBpbmFyLXZpbGxhLTA3LndlYnAiLCJzbGlkZXNob3ciOiJiMDFjMmRmIn0%3D\">\n\t\t\t\t\t<div class=\"e-gallery-image elementor-gallery-item__image\" data-thumbnail=\"https:\/\/www.dorafurniture.com\/wp-content\/uploads\/2025\/10\/dora-furniture-proje-istanbul-gurpinar-villa-07.webp\" data-width=\"1920\" data-height=\"1080\" aria-label=\"\" role=\"img\" ><\/div>\n\t\t\t\t\t\t\t\t\t\t\t<div class=\"elementor-gallery-item__overlay\"><\/div>\n\t\t\t\t\t\t\t\t\t\t\t\t\t\t<\/a>\n\t\t\t\t\t\t\t<a class=\"e-gallery-item elementor-gallery-item elementor-animated-content\" href=\"https:\/\/www.dorafurniture.com\/wp-content\/uploads\/2025\/10\/dora-furniture-proje-istanbul-gurpinar-villa-08.webp\" data-elementor-open-lightbox=\"yes\" data-elementor-lightbox-slideshow=\"b01c2df\" data-e-action-hash=\"#elementor-action%3Aaction%3Dlightbox%26settings%3DeyJpZCI6MTgyNSwidXJsIjoiaHR0cHM6XC9cL3d3dy5kb3JhZnVybml0dXJlLmNvbVwvd3AtY29udGVudFwvdXBsb2Fkc1wvMjAyNVwvMTBcL2RvcmEtZnVybml0dXJlLXByb2plLWlzdGFuYnVsLWd1cnBpbmFyLXZpbGxhLTA4LndlYnAiLCJzbGlkZXNob3ciOiJiMDFjMmRmIn0%3D\">\n\t\t\t\t\t<div class=\"e-gallery-image elementor-gallery-item__image\" data-thumbnail=\"https:\/\/www.dorafurniture.com\/wp-content\/uploads\/2025\/10\/dora-furniture-proje-istanbul-gurpinar-villa-08.webp\" data-width=\"1920\" data-height=\"1080\" aria-label=\"\" role=\"img\" ><\/div>\n\t\t\t\t\t\t\t\t\t\t\t<div class=\"elementor-gallery-item__overlay\"><\/div>\n\t\t\t\t\t\t\t\t\t\t\t\t\t\t<\/a>\n\t\t\t\t\t\t\t<a class=\"e-gallery-item elementor-gallery-item elementor-animated-content\" href=\"https:\/\/www.dorafurniture.com\/wp-content\/uploads\/2025\/10\/dora-furniture-proje-istanbul-gurpinar-villa-09.webp\" data-elementor-open-lightbox=\"yes\" data-elementor-lightbox-slideshow=\"b01c2df\" data-e-action-hash=\"#elementor-action%3Aaction%3Dlightbox%26settings%3DeyJpZCI6MTgyNiwidXJsIjoiaHR0cHM6XC9cL3d3dy5kb3JhZnVybml0dXJlLmNvbVwvd3AtY29udGVudFwvdXBsb2Fkc1wvMjAyNVwvMTBcL2RvcmEtZnVybml0dXJlLXByb2plLWlzdGFuYnVsLWd1cnBpbmFyLXZpbGxhLTA5LndlYnAiLCJzbGlkZXNob3ciOiJiMDFjMmRmIn0%3D\">\n\t\t\t\t\t<div class=\"e-gallery-image elementor-gallery-item__image\" data-thumbnail=\"https:\/\/www.dorafurniture.com\/wp-content\/uploads\/2025\/10\/dora-furniture-proje-istanbul-gurpinar-villa-09.webp\" data-width=\"1920\" data-height=\"1080\" aria-label=\"\" role=\"img\" ><\/div>\n\t\t\t\t\t\t\t\t\t\t\t<div class=\"elementor-gallery-item__overlay\"><\/div>\n\t\t\t\t\t\t\t\t\t\t\t\t\t\t<\/a>\n\t\t\t\t\t<\/div>\n\t\t\t\t\t<\/div>\n\t\t\t\t<\/div>\n\t\t\t\t\t<\/div>\n\t\t\t\t<\/div>\n\t\t\t\t<\/div>\n\t\t","protected":false},"excerpt":{"rendered":"<p>Konut G\u00fcrp\u0131nar, \u0130stanbul 55 g\u00fcn G\u00dcRPINAR V\u0130LLA Genel Bak\u0131\u015f \u0130stanbul G\u00fcrp\u0131nar\u2019da ger\u00e7ekle\u015ftirdi\u011fimiz \u00f6zel i\u00e7 tasar\u0131m projesi, kullan\u0131c\u0131n\u0131n ya\u015fam bi\u00e7imine ve estetik beklentilerine uygun olarak, modern, minimal ve \u00e7arp\u0131c\u0131 detaylar\u0131 bir araya getiren b\u00fct\u00fcnc\u00fcl bir i\u00e7 mek\u00e2n kurgusuyla hayata ge\u00e7irildi. M\u00fc\u015fteri Talepleri M\u00fc\u015fterimiz, yal\u0131n bir tasar\u0131m dili benimsenmesini isterken, ayn\u0131 zamanda mek\u00e2n\u0131n dikkat \u00e7eken, karakter sahibi [&hellip;]<\/p>\n","protected":false},"author":1,"featured_media":0,"parent":0,"menu_order":0,"comment_status":"closed","ping_status":"closed","template":"elementor_header_footer","meta":{"footnotes":""},"class_list":["post-1482","page","type-page","status-publish","hentry"],"_links":{"self":[{"href":"https:\/\/www.dorafurniture.com\/en\/wp-json\/wp\/v2\/pages\/1482","targetHints":{"allow":["GET"]}}],"collection":[{"href":"https:\/\/www.dorafurniture.com\/en\/wp-json\/wp\/v2\/pages"}],"about":[{"href":"https:\/\/www.dorafurniture.com\/en\/wp-json\/wp\/v2\/types\/page"}],"author":[{"embeddable":true,"href":"https:\/\/www.dorafurniture.com\/en\/wp-json\/wp\/v2\/users\/1"}],"replies":[{"embeddable":true,"href":"https:\/\/www.dorafurniture.com\/en\/wp-json\/wp\/v2\/comments?post=1482"}],"version-history":[{"count":28,"href":"https:\/\/www.dorafurniture.com\/en\/wp-json\/wp\/v2\/pages\/1482\/revisions"}],"predecessor-version":[{"id":2243,"href":"https:\/\/www.dorafurniture.com\/en\/wp-json\/wp\/v2\/pages\/1482\/revisions\/2243"}],"wp:attachment":[{"href":"https:\/\/www.dorafurniture.com\/en\/wp-json\/wp\/v2\/media?parent=1482"}],"curies":[{"name":"wp","href":"https:\/\/api.w.org\/{rel}","templated":true}]}}