{"id":1462,"date":"2025-04-22T23:21:51","date_gmt":"2025-04-22T20:21:51","guid":{"rendered":"https:\/\/dorafurniture.com\/?page_id=1462"},"modified":"2025-10-13T19:31:45","modified_gmt":"2025-10-13T16:31:45","slug":"noa-life-otel","status":"publish","type":"page","link":"https:\/\/www.dorafurniture.com\/en\/noa-life-otel\/","title":{"rendered":"NOA Life Otel"},"content":{"rendered":"\t\t<div data-elementor-type=\"wp-page\" data-elementor-id=\"1462\" class=\"elementor elementor-1462\" data-elementor-post-type=\"page\">\n\t\t\t\t<div class=\"elementor-element elementor-element-658adee e-flex e-con-boxed e-con e-parent\" data-id=\"658adee\" data-element_type=\"container\" data-e-type=\"container\" data-settings=\"{&quot;background_background&quot;:&quot;classic&quot;}\">\n\t\t\t\t\t<div class=\"e-con-inner\">\n\t\t<div class=\"elementor-element elementor-element-bd7067b e-con-full e-flex elementor-invisible e-con e-child\" data-id=\"bd7067b\" data-element_type=\"container\" data-e-type=\"container\" data-settings=\"{&quot;background_background&quot;:&quot;classic&quot;,&quot;animation&quot;:&quot;fadeIn&quot;}\">\n\t\t<div class=\"elementor-element elementor-element-52168d1 e-con-full e-flex e-con e-child\" data-id=\"52168d1\" data-element_type=\"container\" data-e-type=\"container\">\n\t\t\t\t<div class=\"elementor-element elementor-element-43e8df5 elementor-align-left blur-btn elementor-widget elementor-widget-button\" data-id=\"43e8df5\" data-element_type=\"widget\" data-e-type=\"widget\" data-settings=\"{&quot;_animation_mobile&quot;:&quot;none&quot;}\" data-widget_type=\"button.default\">\n\t\t\t\t<div class=\"elementor-widget-container\">\n\t\t\t\t\t\t\t\t\t<div class=\"elementor-button-wrapper\">\n\t\t\t\t\t<a class=\"elementor-button elementor-size-sm\" role=\"button\">\n\t\t\t\t\t\t<span class=\"elementor-button-content-wrapper\">\n\t\t\t\t\t\t<span class=\"elementor-button-icon\">\n\t\t\t\t<svg xmlns=\"http:\/\/www.w3.org\/2000\/svg\" id=\"Layer_1\" data-name=\"Layer 1\" viewBox=\"0 0 24 24\"><path d=\"m24,10.074v13.926h-2v-13.926c0-.335-.157-.658-.421-.865L12.674,2.233c-.397-.311-.951-.312-1.349,0L2.421,9.209c-.268.209-.421.524-.421.865v13.926H0v-13.926c0-.959.433-1.849,1.188-2.439L10.092.659c1.124-.881,2.691-.881,3.816,0l8.905,6.977c.754.592,1.187,1.48,1.187,2.439Zm-4,2.926v11h-2v-1H6v1h-2v-14h2v4h5v-1c0-1.654,1.346-3,3-3h3c1.654,0,3,1.346,3,3Zm-7,1h5v-1c0-.551-.448-1-1-1h-3c-.552,0-1,.449-1,1v1Zm-7,7h5v-1c0-1.654,1.346-3,3-3h4v-1H6v5Zm12,0v-2h-4c-.552,0-1,.449-1,1v1h5Zm-8-9.5c0-.828-.672-1.5-1.5-1.5s-1.5.672-1.5,1.5.672,1.5,1.5,1.5,1.5-.672,1.5-1.5Zm-1.5,5.5c-.828,0-1.5.672-1.5,1.5s.672,1.5,1.5,1.5,1.5-.672,1.5-1.5-.672-1.5-1.5-1.5Z\"><\/path><\/svg>\t\t\t<\/span>\n\t\t\t\t\t\t\t\t\t<span class=\"elementor-button-text\">Otel<\/span>\n\t\t\t\t\t<\/span>\n\t\t\t\t\t<\/a>\n\t\t\t\t<\/div>\n\t\t\t\t\t\t\t\t<\/div>\n\t\t\t\t<\/div>\n\t\t\t\t<div class=\"elementor-element elementor-element-f28873c elementor-align-left blur-btn elementor-hidden-mobile elementor-widget elementor-widget-button\" data-id=\"f28873c\" data-element_type=\"widget\" data-e-type=\"widget\" data-settings=\"{&quot;_animation_mobile&quot;:&quot;none&quot;}\" data-widget_type=\"button.default\">\n\t\t\t\t<div class=\"elementor-widget-container\">\n\t\t\t\t\t\t\t\t\t<div class=\"elementor-button-wrapper\">\n\t\t\t\t\t<a class=\"elementor-button elementor-size-sm\" role=\"button\">\n\t\t\t\t\t\t<span class=\"elementor-button-content-wrapper\">\n\t\t\t\t\t\t<span class=\"elementor-button-icon\">\n\t\t\t\t<svg xmlns=\"http:\/\/www.w3.org\/2000\/svg\" xmlns:xlink=\"http:\/\/www.w3.org\/1999\/xlink\" id=\"Capa_1\" x=\"0px\" y=\"0px\" viewBox=\"0 0 512 512\" style=\"enable-background:new 0 0 512 512;\" xml:space=\"preserve\" width=\"512\" height=\"512\"><g id=\"_01_align_center\">\t<path d=\"M255.104,512.171l-14.871-12.747C219.732,482.258,40.725,327.661,40.725,214.577c0-118.398,95.981-214.379,214.379-214.379   s214.379,95.981,214.379,214.379c0,113.085-179.007,267.682-199.423,284.932L255.104,512.171z M255.104,46.553   c-92.753,0.105-167.918,75.27-168.023,168.023c0,71.042,110.132,184.53,168.023,236.473   c57.892-51.964,168.023-165.517,168.023-236.473C423.022,121.823,347.858,46.659,255.104,46.553z\"><\/path>\t<path d=\"M255.104,299.555c-46.932,0-84.978-38.046-84.978-84.978s38.046-84.978,84.978-84.978s84.978,38.046,84.978,84.978   S302.037,299.555,255.104,299.555z M255.104,172.087c-23.466,0-42.489,19.023-42.489,42.489s19.023,42.489,42.489,42.489   s42.489-19.023,42.489-42.489S278.571,172.087,255.104,172.087z\"><\/path><\/g><\/svg>\t\t\t<\/span>\n\t\t\t\t\t\t\t\t\t<span class=\"elementor-button-text\">S\u00fcleymanpa\u015fa, Tekirda\u011f<\/span>\n\t\t\t\t\t<\/span>\n\t\t\t\t\t<\/a>\n\t\t\t\t<\/div>\n\t\t\t\t\t\t\t\t<\/div>\n\t\t\t\t<\/div>\n\t\t\t\t<div class=\"elementor-element elementor-element-7aa7559 elementor-align-left blur-btn elementor-widget elementor-widget-button\" data-id=\"7aa7559\" data-element_type=\"widget\" data-e-type=\"widget\" data-settings=\"{&quot;_animation_mobile&quot;:&quot;none&quot;}\" data-widget_type=\"button.default\">\n\t\t\t\t<div class=\"elementor-widget-container\">\n\t\t\t\t\t\t\t\t\t<div class=\"elementor-button-wrapper\">\n\t\t\t\t\t<a class=\"elementor-button elementor-size-sm\" role=\"button\">\n\t\t\t\t\t\t<span class=\"elementor-button-content-wrapper\">\n\t\t\t\t\t\t<span class=\"elementor-button-icon\">\n\t\t\t\t<svg xmlns=\"http:\/\/www.w3.org\/2000\/svg\" id=\"Layer_1\" height=\"24\" viewBox=\"0 0 24 24\" width=\"24\" data-name=\"Layer 1\"><path d=\"m23 11a1 1 0 0 0 -1 1 10.034 10.034 0 1 1 -2.9-7.021.862.862 0 0 1 -.1.021h-3a1 1 0 0 0 0 2h3a3 3 0 0 0 3-3v-3a1 1 0 0 0 -2 0v2.065a11.994 11.994 0 1 0 4 8.935 1 1 0 0 0 -1-1z\"><\/path><path d=\"m12 6a1 1 0 0 0 -1 1v5a1 1 0 0 0 .293.707l3 3a1 1 0 0 0 1.414-1.414l-2.707-2.707v-4.586a1 1 0 0 0 -1-1z\"><\/path><\/svg>\t\t\t<\/span>\n\t\t\t\t\t\t\t\t\t<span class=\"elementor-button-text\">105 g\u00fcn<\/span>\n\t\t\t\t\t<\/span>\n\t\t\t\t\t<\/a>\n\t\t\t\t<\/div>\n\t\t\t\t\t\t\t\t<\/div>\n\t\t\t\t<\/div>\n\t\t\t\t<\/div>\n\t\t\t\t<\/div>\n\t\t<div class=\"elementor-element elementor-element-82bb161 e-con-full e-flex elementor-invisible e-con e-child\" data-id=\"82bb161\" data-element_type=\"container\" data-e-type=\"container\" data-settings=\"{&quot;animation&quot;:&quot;fadeIn&quot;}\">\n\t\t<div class=\"elementor-element elementor-element-2968a3a e-con-full e-flex e-con e-child\" data-id=\"2968a3a\" data-element_type=\"container\" data-e-type=\"container\">\n\t\t\t\t<div class=\"elementor-element elementor-element-1764897 elementor-widget elementor-widget-heading\" data-id=\"1764897\" data-element_type=\"widget\" data-e-type=\"widget\" data-settings=\"{&quot;sticky&quot;:&quot;top&quot;,&quot;sticky_on&quot;:[&quot;desktop&quot;],&quot;sticky_offset&quot;:20,&quot;sticky_parent&quot;:&quot;yes&quot;,&quot;sticky_effects_offset&quot;:0,&quot;sticky_anchor_link_offset&quot;:0}\" data-widget_type=\"heading.default\">\n\t\t\t\t<div class=\"elementor-widget-container\">\n\t\t\t\t\t<h2 class=\"elementor-heading-title elementor-size-default\">NOA LIFE OTEL<\/h2>\t\t\t\t<\/div>\n\t\t\t\t<\/div>\n\t\t\t\t<\/div>\n\t\t<div class=\"elementor-element elementor-element-dcc127c e-con-full e-flex e-con e-child\" data-id=\"dcc127c\" data-element_type=\"container\" data-e-type=\"container\">\n\t\t\t\t<div class=\"elementor-element elementor-element-a72302d elementor-widget elementor-widget-heading\" data-id=\"a72302d\" data-element_type=\"widget\" data-e-type=\"widget\" data-widget_type=\"heading.default\">\n\t\t\t\t<div class=\"elementor-widget-container\">\n\t\t\t\t\t<h2 class=\"elementor-heading-title elementor-size-default\">Genel Bak\u0131\u015f<\/h2>\t\t\t\t<\/div>\n\t\t\t\t<\/div>\n\t\t\t\t<div class=\"elementor-element elementor-element-70c0921 elementor-widget elementor-widget-text-editor\" data-id=\"70c0921\" data-element_type=\"widget\" data-e-type=\"widget\" data-widget_type=\"text-editor.default\">\n\t\t\t\t<div class=\"elementor-widget-container\">\n\t\t\t\t\t\t\t\t\t<p data-pm-slice=\"1 1 []\">Proje, otelin hem i\u015flevsel ihtiya\u00e7lar\u0131n\u0131 kar\u015f\u0131layacak hem de misafir deneyimini en \u00fcst d\u00fczeye ta\u015f\u0131yacak \u00f6zg\u00fcn bir i\u00e7 mimari kurgu olu\u015fturma hedefiyle tasarland\u0131. Konsept, markan\u0131n g\u00fcven veren duru\u015funu ve \u00e7a\u011fda\u015f yakla\u015f\u0131m\u0131n\u0131 yans\u0131tan b\u00fct\u00fcnc\u00fcl bir tasar\u0131m diliyle geli\u015ftirildi.<\/p>\t\t\t\t\t\t\t\t<\/div>\n\t\t\t\t<\/div>\n\t\t\t\t<div class=\"elementor-element elementor-element-9e7e229 elementor-widget elementor-widget-heading\" data-id=\"9e7e229\" data-element_type=\"widget\" data-e-type=\"widget\" data-widget_type=\"heading.default\">\n\t\t\t\t<div class=\"elementor-widget-container\">\n\t\t\t\t\t<h2 class=\"elementor-heading-title elementor-size-default\">M\u00fc\u015fteri Talepleri<\/h2>\t\t\t\t<\/div>\n\t\t\t\t<\/div>\n\t\t\t\t<div class=\"elementor-element elementor-element-38c26fa elementor-widget elementor-widget-text-editor\" data-id=\"38c26fa\" data-element_type=\"widget\" data-e-type=\"widget\" data-widget_type=\"text-editor.default\">\n\t\t\t\t<div class=\"elementor-widget-container\">\n\t\t\t\t\t\t\t\t\t<p data-pm-slice=\"1 1 []\">M\u00fc\u015fterimiz, otel i\u00e7erisinde yer alacak konaklama birimleri, sosyal alanlar, resepsiyon ve servis b\u00f6lgeleri i\u00e7in konforu, \u015f\u0131kl\u0131\u011f\u0131 ve s\u00fcrd\u00fcr\u00fclebilirli\u011fi bir arada sunan bir atmosfer talep etti. Mek\u00e2nlar\u0131n sadece i\u015flevsel de\u011fil, ayn\u0131 zamanda misafirlerde g\u00fcven, huzur ve estetik memnuniyet duygusu uyand\u0131rmas\u0131 \u00f6ncelikli beklentiler aras\u0131ndayd\u0131.<\/p>\t\t\t\t\t\t\t\t<\/div>\n\t\t\t\t<\/div>\n\t\t\t\t<div class=\"elementor-element elementor-element-6446798 elementor-widget elementor-widget-heading\" data-id=\"6446798\" data-element_type=\"widget\" data-e-type=\"widget\" data-widget_type=\"heading.default\">\n\t\t\t\t<div class=\"elementor-widget-container\">\n\t\t\t\t\t<h2 class=\"elementor-heading-title elementor-size-default\">Projeye Haz\u0131rl\u0131k<\/h2>\t\t\t\t<\/div>\n\t\t\t\t<\/div>\n\t\t\t\t<div class=\"elementor-element elementor-element-6065647 elementor-widget elementor-widget-text-editor\" data-id=\"6065647\" data-element_type=\"widget\" data-e-type=\"widget\" data-widget_type=\"text-editor.default\">\n\t\t\t\t<div class=\"elementor-widget-container\">\n\t\t\t\t\t\t\t\t\t<p data-pm-slice=\"1 1 []\">Tasar\u0131m s\u00fcreci, otelin hedef kitlesi, i\u015fletme modeli, hizmet kalitesi ve kullan\u0131c\u0131 davran\u0131\u015flar\u0131 gibi bir\u00e7ok parametre analiz edilerek ba\u015flat\u0131ld\u0131. Alan\u0131n potansiyelini en iyi \u015fekilde de\u011ferlendirmek \u00fczere 2 boyutlu yerle\u015fim planlar\u0131 ve ard\u0131ndan 3 boyutlu g\u00f6rselle\u015ftirmeler haz\u0131rland\u0131. Konsept \u00f6neriler ve detayl\u0131 \u00e7\u00f6z\u00fcmler m\u00fc\u015fteriye sunuldu, al\u0131nan onay sonras\u0131 uygulama a\u015famas\u0131na ge\u00e7ildi.<\/p>\t\t\t\t\t\t\t\t<\/div>\n\t\t\t\t<\/div>\n\t\t\t\t<div class=\"elementor-element elementor-element-fd9075f elementor-widget elementor-widget-heading\" data-id=\"fd9075f\" data-element_type=\"widget\" data-e-type=\"widget\" data-widget_type=\"heading.default\">\n\t\t\t\t<div class=\"elementor-widget-container\">\n\t\t\t\t\t<h2 class=\"elementor-heading-title elementor-size-default\">Uygulama S\u00fcreci<\/h2>\t\t\t\t<\/div>\n\t\t\t\t<\/div>\n\t\t\t\t<div class=\"elementor-element elementor-element-8e0c742 elementor-widget elementor-widget-text-editor\" data-id=\"8e0c742\" data-element_type=\"widget\" data-e-type=\"widget\" data-widget_type=\"text-editor.default\">\n\t\t\t\t<div class=\"elementor-widget-container\">\n\t\t\t\t\t\t\t\t\t<p data-pm-slice=\"1 1 []\">\u00d6ncelikle alan\u0131n altyap\u0131sal d\u00fczenlemeleri ve kaba in\u015faat sonras\u0131 m\u00fcdahaleler tamamland\u0131. Ard\u0131ndan \u00f6zel \u00fcretim mobilyalar, sabit donan\u0131mlar ve y\u00fczey kaplamalar\u0131 yerle\u015ftirildi. Ayd\u0131nlatma tasar\u0131m\u0131, tekstil \u00fcr\u00fcnleri ve dekoratif objelerle mek\u00e2na son dokunu\u015flar yap\u0131ld\u0131. Konseptin b\u00fct\u00fcnl\u00fc\u011f\u00fcne sad\u0131k kal\u0131narak, NOA Life markas\u0131n\u0131n misafirlerine sundu\u011fu ayr\u0131cal\u0131kl\u0131 deneyimi destekleyecek bir i\u00e7 mek\u00e2n atmosferi ba\u015far\u0131yla olu\u015fturuldu.<\/p>\t\t\t\t\t\t\t\t<\/div>\n\t\t\t\t<\/div>\n\t\t\t\t<\/div>\n\t\t\t\t<\/div>\n\t\t\t\t<div class=\"elementor-element elementor-element-bb3b799 elementor-widget elementor-widget-gallery\" data-id=\"bb3b799\" data-element_type=\"widget\" data-e-type=\"widget\" data-settings=\"{&quot;columns_tablet&quot;:6,&quot;columns_mobile&quot;:4,&quot;gap_mobile&quot;:{&quot;unit&quot;:&quot;px&quot;,&quot;size&quot;:0,&quot;sizes&quot;:[]},&quot;aspect_ratio&quot;:&quot;1:1&quot;,&quot;image_hover_animation&quot;:&quot;grow&quot;,&quot;columns&quot;:6,&quot;gap&quot;:{&quot;unit&quot;:&quot;px&quot;,&quot;size&quot;:0,&quot;sizes&quot;:[]},&quot;gap_tablet&quot;:{&quot;unit&quot;:&quot;px&quot;,&quot;size&quot;:0,&quot;sizes&quot;:[]},&quot;lazyload&quot;:&quot;yes&quot;,&quot;gallery_layout&quot;:&quot;grid&quot;,&quot;link_to&quot;:&quot;file&quot;,&quot;overlay_background&quot;:&quot;yes&quot;}\" data-widget_type=\"gallery.default\">\n\t\t\t\t<div class=\"elementor-widget-container\">\n\t\t\t\t\t\t\t<div class=\"elementor-gallery__container\">\n\t\t\t\t\t\t\t<a class=\"e-gallery-item elementor-gallery-item elementor-animated-content\" href=\"https:\/\/www.dorafurniture.com\/wp-content\/uploads\/2025\/10\/dora-furniture-proje-tekirdag-otel-05.webp\" data-elementor-open-lightbox=\"yes\" data-elementor-lightbox-slideshow=\"bb3b799\" data-e-action-hash=\"#elementor-action%3Aaction%3Dlightbox%26settings%3DeyJpZCI6MTc5NywidXJsIjoiaHR0cHM6XC9cL3d3dy5kb3JhZnVybml0dXJlLmNvbVwvd3AtY29udGVudFwvdXBsb2Fkc1wvMjAyNVwvMTBcL2RvcmEtZnVybml0dXJlLXByb2plLXRla2lyZGFnLW90ZWwtMDUud2VicCIsInNsaWRlc2hvdyI6ImJiM2I3OTkifQ%3D%3D\">\n\t\t\t\t\t<div class=\"e-gallery-image elementor-gallery-item__image\" data-thumbnail=\"https:\/\/www.dorafurniture.com\/wp-content\/uploads\/2025\/10\/dora-furniture-proje-tekirdag-otel-05.webp\" data-width=\"1920\" data-height=\"1080\" aria-label=\"\" role=\"img\" ><\/div>\n\t\t\t\t\t\t\t\t\t\t\t<div class=\"elementor-gallery-item__overlay\"><\/div>\n\t\t\t\t\t\t\t\t\t\t\t\t\t\t<\/a>\n\t\t\t\t\t\t\t<a class=\"e-gallery-item elementor-gallery-item elementor-animated-content\" href=\"https:\/\/www.dorafurniture.com\/wp-content\/uploads\/2025\/10\/dora-furniture-proje-tekirdag-otel-04.webp\" data-elementor-open-lightbox=\"yes\" data-elementor-lightbox-slideshow=\"bb3b799\" data-e-action-hash=\"#elementor-action%3Aaction%3Dlightbox%26settings%3DeyJpZCI6MTc5OCwidXJsIjoiaHR0cHM6XC9cL3d3dy5kb3JhZnVybml0dXJlLmNvbVwvd3AtY29udGVudFwvdXBsb2Fkc1wvMjAyNVwvMTBcL2RvcmEtZnVybml0dXJlLXByb2plLXRla2lyZGFnLW90ZWwtMDQud2VicCIsInNsaWRlc2hvdyI6ImJiM2I3OTkifQ%3D%3D\">\n\t\t\t\t\t<div class=\"e-gallery-image elementor-gallery-item__image\" data-thumbnail=\"https:\/\/www.dorafurniture.com\/wp-content\/uploads\/2025\/10\/dora-furniture-proje-tekirdag-otel-04.webp\" data-width=\"1920\" data-height=\"1080\" aria-label=\"\" role=\"img\" ><\/div>\n\t\t\t\t\t\t\t\t\t\t\t<div class=\"elementor-gallery-item__overlay\"><\/div>\n\t\t\t\t\t\t\t\t\t\t\t\t\t\t<\/a>\n\t\t\t\t\t\t\t<a class=\"e-gallery-item elementor-gallery-item elementor-animated-content\" href=\"https:\/\/www.dorafurniture.com\/wp-content\/uploads\/2025\/10\/dora-furniture-proje-tekirdag-otel-03.webp\" data-elementor-open-lightbox=\"yes\" data-elementor-lightbox-slideshow=\"bb3b799\" data-e-action-hash=\"#elementor-action%3Aaction%3Dlightbox%26settings%3DeyJpZCI6MTc5OSwidXJsIjoiaHR0cHM6XC9cL3d3dy5kb3JhZnVybml0dXJlLmNvbVwvd3AtY29udGVudFwvdXBsb2Fkc1wvMjAyNVwvMTBcL2RvcmEtZnVybml0dXJlLXByb2plLXRla2lyZGFnLW90ZWwtMDMud2VicCIsInNsaWRlc2hvdyI6ImJiM2I3OTkifQ%3D%3D\">\n\t\t\t\t\t<div class=\"e-gallery-image elementor-gallery-item__image\" data-thumbnail=\"https:\/\/www.dorafurniture.com\/wp-content\/uploads\/2025\/10\/dora-furniture-proje-tekirdag-otel-03.webp\" data-width=\"1920\" data-height=\"1080\" aria-label=\"\" role=\"img\" ><\/div>\n\t\t\t\t\t\t\t\t\t\t\t<div class=\"elementor-gallery-item__overlay\"><\/div>\n\t\t\t\t\t\t\t\t\t\t\t\t\t\t<\/a>\n\t\t\t\t\t\t\t<a class=\"e-gallery-item elementor-gallery-item elementor-animated-content\" href=\"https:\/\/www.dorafurniture.com\/wp-content\/uploads\/2025\/10\/dora-furniture-proje-tekirdag-otel-02.webp\" data-elementor-open-lightbox=\"yes\" data-elementor-lightbox-slideshow=\"bb3b799\" data-e-action-hash=\"#elementor-action%3Aaction%3Dlightbox%26settings%3DeyJpZCI6MTgwMCwidXJsIjoiaHR0cHM6XC9cL3d3dy5kb3JhZnVybml0dXJlLmNvbVwvd3AtY29udGVudFwvdXBsb2Fkc1wvMjAyNVwvMTBcL2RvcmEtZnVybml0dXJlLXByb2plLXRla2lyZGFnLW90ZWwtMDIud2VicCIsInNsaWRlc2hvdyI6ImJiM2I3OTkifQ%3D%3D\">\n\t\t\t\t\t<div class=\"e-gallery-image elementor-gallery-item__image\" data-thumbnail=\"https:\/\/www.dorafurniture.com\/wp-content\/uploads\/2025\/10\/dora-furniture-proje-tekirdag-otel-02.webp\" data-width=\"1920\" data-height=\"1080\" aria-label=\"\" role=\"img\" ><\/div>\n\t\t\t\t\t\t\t\t\t\t\t<div class=\"elementor-gallery-item__overlay\"><\/div>\n\t\t\t\t\t\t\t\t\t\t\t\t\t\t<\/a>\n\t\t\t\t\t\t\t<a class=\"e-gallery-item elementor-gallery-item elementor-animated-content\" href=\"https:\/\/www.dorafurniture.com\/wp-content\/uploads\/2025\/10\/dora-furniture-proje-tekirdag-otel-00.webp\" data-elementor-open-lightbox=\"yes\" data-elementor-lightbox-slideshow=\"bb3b799\" data-e-action-hash=\"#elementor-action%3Aaction%3Dlightbox%26settings%3DeyJpZCI6MTgwMiwidXJsIjoiaHR0cHM6XC9cL3d3dy5kb3JhZnVybml0dXJlLmNvbVwvd3AtY29udGVudFwvdXBsb2Fkc1wvMjAyNVwvMTBcL2RvcmEtZnVybml0dXJlLXByb2plLXRla2lyZGFnLW90ZWwtMDAud2VicCIsInNsaWRlc2hvdyI6ImJiM2I3OTkifQ%3D%3D\">\n\t\t\t\t\t<div class=\"e-gallery-image elementor-gallery-item__image\" data-thumbnail=\"https:\/\/www.dorafurniture.com\/wp-content\/uploads\/2025\/10\/dora-furniture-proje-tekirdag-otel-00.webp\" data-width=\"1920\" data-height=\"1080\" aria-label=\"\" role=\"img\" ><\/div>\n\t\t\t\t\t\t\t\t\t\t\t<div class=\"elementor-gallery-item__overlay\"><\/div>\n\t\t\t\t\t\t\t\t\t\t\t\t\t\t<\/a>\n\t\t\t\t\t\t\t<a class=\"e-gallery-item elementor-gallery-item elementor-animated-content\" href=\"https:\/\/www.dorafurniture.com\/wp-content\/uploads\/2025\/10\/dora-furniture-proje-tekirdag-otel-07.webp\" data-elementor-open-lightbox=\"yes\" data-elementor-lightbox-slideshow=\"bb3b799\" data-e-action-hash=\"#elementor-action%3Aaction%3Dlightbox%26settings%3DeyJpZCI6MTgwMywidXJsIjoiaHR0cHM6XC9cL3d3dy5kb3JhZnVybml0dXJlLmNvbVwvd3AtY29udGVudFwvdXBsb2Fkc1wvMjAyNVwvMTBcL2RvcmEtZnVybml0dXJlLXByb2plLXRla2lyZGFnLW90ZWwtMDcud2VicCIsInNsaWRlc2hvdyI6ImJiM2I3OTkifQ%3D%3D\">\n\t\t\t\t\t<div class=\"e-gallery-image elementor-gallery-item__image\" data-thumbnail=\"https:\/\/www.dorafurniture.com\/wp-content\/uploads\/2025\/10\/dora-furniture-proje-tekirdag-otel-07.webp\" data-width=\"1920\" data-height=\"1080\" aria-label=\"\" role=\"img\" ><\/div>\n\t\t\t\t\t\t\t\t\t\t\t<div class=\"elementor-gallery-item__overlay\"><\/div>\n\t\t\t\t\t\t\t\t\t\t\t\t\t\t<\/a>\n\t\t\t\t\t<\/div>\n\t\t\t\t\t<\/div>\n\t\t\t\t<\/div>\n\t\t\t\t\t<\/div>\n\t\t\t\t<\/div>\n\t\t\t\t<\/div>\n\t\t","protected":false},"excerpt":{"rendered":"<p>Otel S\u00fcleymanpa\u015fa, Tekirda\u011f 105 g\u00fcn NOA LIFE OTEL Genel Bak\u0131\u015f Proje, otelin hem i\u015flevsel ihtiya\u00e7lar\u0131n\u0131 kar\u015f\u0131layacak hem de misafir deneyimini en \u00fcst d\u00fczeye ta\u015f\u0131yacak \u00f6zg\u00fcn bir i\u00e7 mimari kurgu olu\u015fturma hedefiyle tasarland\u0131. Konsept, markan\u0131n g\u00fcven veren duru\u015funu ve \u00e7a\u011fda\u015f yakla\u015f\u0131m\u0131n\u0131 yans\u0131tan b\u00fct\u00fcnc\u00fcl bir tasar\u0131m diliyle geli\u015ftirildi. M\u00fc\u015fteri Talepleri M\u00fc\u015fterimiz, otel i\u00e7erisinde yer alacak konaklama birimleri, [&hellip;]<\/p>\n","protected":false},"author":1,"featured_media":0,"parent":0,"menu_order":0,"comment_status":"closed","ping_status":"closed","template":"elementor_header_footer","meta":{"footnotes":""},"class_list":["post-1462","page","type-page","status-publish","hentry"],"_links":{"self":[{"href":"https:\/\/www.dorafurniture.com\/en\/wp-json\/wp\/v2\/pages\/1462","targetHints":{"allow":["GET"]}}],"collection":[{"href":"https:\/\/www.dorafurniture.com\/en\/wp-json\/wp\/v2\/pages"}],"about":[{"href":"https:\/\/www.dorafurniture.com\/en\/wp-json\/wp\/v2\/types\/page"}],"author":[{"embeddable":true,"href":"https:\/\/www.dorafurniture.com\/en\/wp-json\/wp\/v2\/users\/1"}],"replies":[{"embeddable":true,"href":"https:\/\/www.dorafurniture.com\/en\/wp-json\/wp\/v2\/comments?post=1462"}],"version-history":[{"count":22,"href":"https:\/\/www.dorafurniture.com\/en\/wp-json\/wp\/v2\/pages\/1462\/revisions"}],"predecessor-version":[{"id":2261,"href":"https:\/\/www.dorafurniture.com\/en\/wp-json\/wp\/v2\/pages\/1462\/revisions\/2261"}],"wp:attachment":[{"href":"https:\/\/www.dorafurniture.com\/en\/wp-json\/wp\/v2\/media?parent=1462"}],"curies":[{"name":"wp","href":"https:\/\/api.w.org\/{rel}","templated":true}]}}