{"id":1440,"date":"2025-04-22T23:21:51","date_gmt":"2025-04-22T20:21:51","guid":{"rendered":"https:\/\/dorafurniture.com\/?page_id=1440"},"modified":"2025-10-13T19:19:33","modified_gmt":"2025-10-13T16:19:33","slug":"ergun-kaya-mesrubat","status":"publish","type":"page","link":"https:\/\/www.dorafurniture.com\/en\/ergun-kaya-mesrubat\/","title":{"rendered":"Erg\u00fcn Kaya Me\u015frubat"},"content":{"rendered":"\t\t<div data-elementor-type=\"wp-page\" data-elementor-id=\"1440\" class=\"elementor elementor-1440\" data-elementor-post-type=\"page\">\n\t\t\t\t<div class=\"elementor-element elementor-element-3063b9a e-flex e-con-boxed e-con e-parent\" data-id=\"3063b9a\" data-element_type=\"container\" data-e-type=\"container\" data-settings=\"{&quot;background_background&quot;:&quot;classic&quot;}\">\n\t\t\t\t\t<div class=\"e-con-inner\">\n\t\t<div class=\"elementor-element elementor-element-17c79a6 e-con-full e-flex elementor-invisible e-con e-child\" data-id=\"17c79a6\" data-element_type=\"container\" data-e-type=\"container\" data-settings=\"{&quot;background_background&quot;:&quot;classic&quot;,&quot;animation&quot;:&quot;fadeIn&quot;}\">\n\t\t<div class=\"elementor-element elementor-element-83b20b4 e-con-full e-flex e-con e-child\" data-id=\"83b20b4\" data-element_type=\"container\" data-e-type=\"container\">\n\t\t\t\t<div class=\"elementor-element elementor-element-7e8b57d elementor-align-left blur-btn elementor-widget elementor-widget-button\" data-id=\"7e8b57d\" data-element_type=\"widget\" data-e-type=\"widget\" data-settings=\"{&quot;_animation_mobile&quot;:&quot;none&quot;}\" data-widget_type=\"button.default\">\n\t\t\t\t<div class=\"elementor-widget-container\">\n\t\t\t\t\t\t\t\t\t<div class=\"elementor-button-wrapper\">\n\t\t\t\t\t<a class=\"elementor-button elementor-size-sm\" role=\"button\">\n\t\t\t\t\t\t<span class=\"elementor-button-content-wrapper\">\n\t\t\t\t\t\t<span class=\"elementor-button-icon\">\n\t\t\t\t<svg xmlns=\"http:\/\/www.w3.org\/2000\/svg\" id=\"Layer_1\" data-name=\"Layer 1\" viewBox=\"0 0 24 24\"><path d=\"M13,12v-2h6V2c0-1.103-.897-2-2-2H7c-1.103,0-2,.897-2,2V10h6v2H0v2H2v10h2V14H15v10h9V12H13ZM7,2h10v6H7V2Zm15,12v3h-5v-3h5Zm-5,8v-3h5v3h-5Z\"><\/path><\/svg>\t\t\t<\/span>\n\t\t\t\t\t\t\t\t\t<span class=\"elementor-button-text\">Ofis<\/span>\n\t\t\t\t\t<\/span>\n\t\t\t\t\t<\/a>\n\t\t\t\t<\/div>\n\t\t\t\t\t\t\t\t<\/div>\n\t\t\t\t<\/div>\n\t\t\t\t<div class=\"elementor-element elementor-element-8af378e elementor-align-left blur-btn elementor-hidden-mobile elementor-widget elementor-widget-button\" data-id=\"8af378e\" data-element_type=\"widget\" data-e-type=\"widget\" data-settings=\"{&quot;_animation_mobile&quot;:&quot;none&quot;}\" data-widget_type=\"button.default\">\n\t\t\t\t<div class=\"elementor-widget-container\">\n\t\t\t\t\t\t\t\t\t<div class=\"elementor-button-wrapper\">\n\t\t\t\t\t<a class=\"elementor-button elementor-size-sm\" role=\"button\">\n\t\t\t\t\t\t<span class=\"elementor-button-content-wrapper\">\n\t\t\t\t\t\t<span class=\"elementor-button-icon\">\n\t\t\t\t<svg xmlns=\"http:\/\/www.w3.org\/2000\/svg\" xmlns:xlink=\"http:\/\/www.w3.org\/1999\/xlink\" id=\"Capa_1\" x=\"0px\" y=\"0px\" viewBox=\"0 0 512 512\" style=\"enable-background:new 0 0 512 512;\" xml:space=\"preserve\" width=\"512\" height=\"512\"><g id=\"_01_align_center\">\t<path d=\"M255.104,512.171l-14.871-12.747C219.732,482.258,40.725,327.661,40.725,214.577c0-118.398,95.981-214.379,214.379-214.379   s214.379,95.981,214.379,214.379c0,113.085-179.007,267.682-199.423,284.932L255.104,512.171z M255.104,46.553   c-92.753,0.105-167.918,75.27-168.023,168.023c0,71.042,110.132,184.53,168.023,236.473   c57.892-51.964,168.023-165.517,168.023-236.473C423.022,121.823,347.858,46.659,255.104,46.553z\"><\/path>\t<path d=\"M255.104,299.555c-46.932,0-84.978-38.046-84.978-84.978s38.046-84.978,84.978-84.978s84.978,38.046,84.978,84.978   S302.037,299.555,255.104,299.555z M255.104,172.087c-23.466,0-42.489,19.023-42.489,42.489s19.023,42.489,42.489,42.489   s42.489-19.023,42.489-42.489S278.571,172.087,255.104,172.087z\"><\/path><\/g><\/svg>\t\t\t<\/span>\n\t\t\t\t\t\t\t\t\t<span class=\"elementor-button-text\">Esenler, \u0130stanbul<\/span>\n\t\t\t\t\t<\/span>\n\t\t\t\t\t<\/a>\n\t\t\t\t<\/div>\n\t\t\t\t\t\t\t\t<\/div>\n\t\t\t\t<\/div>\n\t\t\t\t<div class=\"elementor-element elementor-element-7d95651 elementor-align-left blur-btn elementor-widget elementor-widget-button\" data-id=\"7d95651\" data-element_type=\"widget\" data-e-type=\"widget\" data-settings=\"{&quot;_animation_mobile&quot;:&quot;none&quot;}\" data-widget_type=\"button.default\">\n\t\t\t\t<div class=\"elementor-widget-container\">\n\t\t\t\t\t\t\t\t\t<div class=\"elementor-button-wrapper\">\n\t\t\t\t\t<a class=\"elementor-button elementor-size-sm\" role=\"button\">\n\t\t\t\t\t\t<span class=\"elementor-button-content-wrapper\">\n\t\t\t\t\t\t<span class=\"elementor-button-icon\">\n\t\t\t\t<svg xmlns=\"http:\/\/www.w3.org\/2000\/svg\" id=\"Layer_1\" height=\"24\" viewBox=\"0 0 24 24\" width=\"24\" data-name=\"Layer 1\"><path d=\"m23 11a1 1 0 0 0 -1 1 10.034 10.034 0 1 1 -2.9-7.021.862.862 0 0 1 -.1.021h-3a1 1 0 0 0 0 2h3a3 3 0 0 0 3-3v-3a1 1 0 0 0 -2 0v2.065a11.994 11.994 0 1 0 4 8.935 1 1 0 0 0 -1-1z\"><\/path><path d=\"m12 6a1 1 0 0 0 -1 1v5a1 1 0 0 0 .293.707l3 3a1 1 0 0 0 1.414-1.414l-2.707-2.707v-4.586a1 1 0 0 0 -1-1z\"><\/path><\/svg>\t\t\t<\/span>\n\t\t\t\t\t\t\t\t\t<span class=\"elementor-button-text\">60 g\u00fcn<\/span>\n\t\t\t\t\t<\/span>\n\t\t\t\t\t<\/a>\n\t\t\t\t<\/div>\n\t\t\t\t\t\t\t\t<\/div>\n\t\t\t\t<\/div>\n\t\t\t\t<\/div>\n\t\t\t\t<\/div>\n\t\t<div class=\"elementor-element elementor-element-ee6af43 e-con-full e-flex elementor-invisible e-con e-child\" data-id=\"ee6af43\" data-element_type=\"container\" data-e-type=\"container\" data-settings=\"{&quot;animation&quot;:&quot;fadeIn&quot;}\">\n\t\t<div class=\"elementor-element elementor-element-3e27dd5 e-con-full e-flex e-con e-child\" data-id=\"3e27dd5\" data-element_type=\"container\" data-e-type=\"container\">\n\t\t\t\t<div class=\"elementor-element elementor-element-5bbb7d1 elementor-widget elementor-widget-heading\" data-id=\"5bbb7d1\" data-element_type=\"widget\" data-e-type=\"widget\" data-settings=\"{&quot;sticky&quot;:&quot;top&quot;,&quot;sticky_on&quot;:[&quot;desktop&quot;],&quot;sticky_offset&quot;:20,&quot;sticky_parent&quot;:&quot;yes&quot;,&quot;sticky_effects_offset&quot;:0,&quot;sticky_anchor_link_offset&quot;:0}\" data-widget_type=\"heading.default\">\n\t\t\t\t<div class=\"elementor-widget-container\">\n\t\t\t\t\t<h2 class=\"elementor-heading-title elementor-size-default\">ERG\u00dcN KAYA ME\u015eRUBAT<\/h2>\t\t\t\t<\/div>\n\t\t\t\t<\/div>\n\t\t\t\t<\/div>\n\t\t<div class=\"elementor-element elementor-element-9557a1e e-con-full e-flex e-con e-child\" data-id=\"9557a1e\" data-element_type=\"container\" data-e-type=\"container\">\n\t\t\t\t<div class=\"elementor-element elementor-element-3d08a9e elementor-widget elementor-widget-heading\" data-id=\"3d08a9e\" data-element_type=\"widget\" data-e-type=\"widget\" data-widget_type=\"heading.default\">\n\t\t\t\t<div class=\"elementor-widget-container\">\n\t\t\t\t\t<h2 class=\"elementor-heading-title elementor-size-default\">Genel Bak\u0131\u015f<\/h2>\t\t\t\t<\/div>\n\t\t\t\t<\/div>\n\t\t\t\t<div class=\"elementor-element elementor-element-68de618 elementor-widget elementor-widget-text-editor\" data-id=\"68de618\" data-element_type=\"widget\" data-e-type=\"widget\" data-widget_type=\"text-editor.default\">\n\t\t\t\t<div class=\"elementor-widget-container\">\n\t\t\t\t\t\t\t\t\t<p data-pm-slice=\"1 1 []\">Erg\u00fcn Kaya Me\u015frubat i\u00e7in, 700 metrekarelik i\u015f alan\u0131n\u0131n i\u00e7 mek\u00e2n tasar\u0131m\u0131 ve uygulamas\u0131, \u015firketin vizyonunu ve kurumsal de\u011ferlerini yans\u0131tacak b\u00fct\u00fcnc\u00fcl bir proje anlay\u0131\u015f\u0131yla hayata ge\u00e7irildi. Tasar\u0131m dili, markan\u0131n profesyonel kimli\u011fini destekleyecek \u00e7a\u011fda\u015f ve i\u015flevsel bir kurguya dayan\u0131yordu.<\/p>\t\t\t\t\t\t\t\t<\/div>\n\t\t\t\t<\/div>\n\t\t\t\t<div class=\"elementor-element elementor-element-051424a elementor-widget elementor-widget-heading\" data-id=\"051424a\" data-element_type=\"widget\" data-e-type=\"widget\" data-widget_type=\"heading.default\">\n\t\t\t\t<div class=\"elementor-widget-container\">\n\t\t\t\t\t<h2 class=\"elementor-heading-title elementor-size-default\">M\u00fc\u015fteri Talepleri<\/h2>\t\t\t\t<\/div>\n\t\t\t\t<\/div>\n\t\t\t\t<div class=\"elementor-element elementor-element-9210bdf elementor-widget elementor-widget-text-editor\" data-id=\"9210bdf\" data-element_type=\"widget\" data-e-type=\"widget\" data-widget_type=\"text-editor.default\">\n\t\t\t\t<div class=\"elementor-widget-container\">\n\t\t\t\t\t\t\t\t\t<p data-pm-slice=\"1 1 []\">M\u00fc\u015fterimiz, \u015firketin operasyonel ihtiya\u00e7lar\u0131n\u0131 kar\u015f\u0131layacak nitelikte ofis, toplant\u0131 odalar\u0131 ve dola\u015f\u0131m alanlar\u0131n\u0131n tasarlanmas\u0131n\u0131 talep etti. Bu alanlar\u0131n her birinin, kurumsal k\u00fclt\u00fcr\u00fc yans\u0131tan, \u00e7al\u0131\u015fan motivasyonunu art\u0131ran ve temsil g\u00fcc\u00fc y\u00fcksek bir estetikle ele al\u0131nmas\u0131 \u00f6ncelikli beklentiydi.<\/p>\t\t\t\t\t\t\t\t<\/div>\n\t\t\t\t<\/div>\n\t\t\t\t<div class=\"elementor-element elementor-element-299ab37 elementor-widget elementor-widget-heading\" data-id=\"299ab37\" data-element_type=\"widget\" data-e-type=\"widget\" data-widget_type=\"heading.default\">\n\t\t\t\t<div class=\"elementor-widget-container\">\n\t\t\t\t\t<h2 class=\"elementor-heading-title elementor-size-default\">Projeye Haz\u0131rl\u0131k<\/h2>\t\t\t\t<\/div>\n\t\t\t\t<\/div>\n\t\t\t\t<div class=\"elementor-element elementor-element-4d27b9e elementor-widget elementor-widget-text-editor\" data-id=\"4d27b9e\" data-element_type=\"widget\" data-e-type=\"widget\" data-widget_type=\"text-editor.default\">\n\t\t\t\t<div class=\"elementor-widget-container\">\n\t\t\t\t\t\t\t\t\t<p data-pm-slice=\"1 1 []\">Tasar\u0131m s\u00fcrecinin ba\u015flang\u0131c\u0131nda, \u015firketin mevcut ve gelecekteki ihtiya\u00e7lar\u0131n\u0131 anlamaya y\u00f6nelik kapsaml\u0131 bir analiz ger\u00e7ekle\u015ftirildi. Kullan\u0131m amac\u0131, \u00e7al\u0131\u015fan say\u0131s\u0131, i\u015f ak\u0131\u015f\u0131, \u015firket k\u00fclt\u00fcr\u00fc ve b\u00fct\u00e7e gibi temel parametreler do\u011frultusunda tasar\u0131m kararlar\u0131 \u015fekillendirildi. Modern ofis standartlar\u0131na uygun \u00e7\u00f6z\u00fcmlerle, ileti\u015fimi g\u00fc\u00e7lendiren, verimlili\u011fi destekleyen ve esnek kullan\u0131m imk\u00e2n\u0131 sunan bir mek\u00e2nsal kurgu olu\u015fturuldu.<\/p>\t\t\t\t\t\t\t\t<\/div>\n\t\t\t\t<\/div>\n\t\t\t\t<div class=\"elementor-element elementor-element-b05d33a elementor-widget elementor-widget-heading\" data-id=\"b05d33a\" data-element_type=\"widget\" data-e-type=\"widget\" data-widget_type=\"heading.default\">\n\t\t\t\t<div class=\"elementor-widget-container\">\n\t\t\t\t\t<h2 class=\"elementor-heading-title elementor-size-default\">Uygulama S\u00fcreci<\/h2>\t\t\t\t<\/div>\n\t\t\t\t<\/div>\n\t\t\t\t<div class=\"elementor-element elementor-element-f9b6860 elementor-widget elementor-widget-text-editor\" data-id=\"f9b6860\" data-element_type=\"widget\" data-e-type=\"widget\" data-widget_type=\"text-editor.default\">\n\t\t\t\t<div class=\"elementor-widget-container\">\n\t\t\t\t\t\t\t\t\t<p data-pm-slice=\"1 1 []\">\u0130lk a\u015famada alan\u0131n altyap\u0131sal d\u00fczenlemeleri tamamland\u0131; elektrik, mekanik ve b\u00f6l\u00fcc\u00fc sistemler projeye uygun \u015fekilde entegre edildi. Ard\u0131ndan \u00f6zel \u00fcretim ofis mobilyalar\u0131 ve toplant\u0131 odas\u0131 donan\u0131mlar\u0131 yerle\u015ftirildi. Malzeme se\u00e7iminde i\u015flevsellik ve estetik dengesi \u00f6n planda tutulurken, ayd\u0131nlatma, akustik \u00e7\u00f6z\u00fcmler ve dekoratif detaylarla mek\u00e2na kurumsal bir kimlik kazand\u0131r\u0131ld\u0131<\/p>\t\t\t\t\t\t\t\t<\/div>\n\t\t\t\t<\/div>\n\t\t\t\t<\/div>\n\t\t\t\t<\/div>\n\t\t\t\t<div class=\"elementor-element elementor-element-373e62f elementor-widget elementor-widget-gallery\" data-id=\"373e62f\" data-element_type=\"widget\" data-e-type=\"widget\" data-settings=\"{&quot;columns_tablet&quot;:6,&quot;columns_mobile&quot;:4,&quot;gap_mobile&quot;:{&quot;unit&quot;:&quot;px&quot;,&quot;size&quot;:0,&quot;sizes&quot;:[]},&quot;aspect_ratio&quot;:&quot;1:1&quot;,&quot;image_hover_animation&quot;:&quot;grow&quot;,&quot;columns&quot;:6,&quot;gap&quot;:{&quot;unit&quot;:&quot;px&quot;,&quot;size&quot;:0,&quot;sizes&quot;:[]},&quot;gap_tablet&quot;:{&quot;unit&quot;:&quot;px&quot;,&quot;size&quot;:0,&quot;sizes&quot;:[]},&quot;lazyload&quot;:&quot;yes&quot;,&quot;gallery_layout&quot;:&quot;grid&quot;,&quot;link_to&quot;:&quot;file&quot;,&quot;overlay_background&quot;:&quot;yes&quot;}\" data-widget_type=\"gallery.default\">\n\t\t\t\t<div class=\"elementor-widget-container\">\n\t\t\t\t\t\t\t<div class=\"elementor-gallery__container\">\n\t\t\t\t\t\t\t<a class=\"e-gallery-item elementor-gallery-item elementor-animated-content\" href=\"https:\/\/www.dorafurniture.com\/wp-content\/uploads\/2025\/10\/dora-furniture-proje-ergun-kaya-mesrubat-00.webp\" data-elementor-open-lightbox=\"yes\" data-elementor-lightbox-slideshow=\"373e62f\" data-e-action-hash=\"#elementor-action%3Aaction%3Dlightbox%26settings%3DeyJpZCI6MTY0OCwidXJsIjoiaHR0cHM6XC9cL3d3dy5kb3JhZnVybml0dXJlLmNvbVwvd3AtY29udGVudFwvdXBsb2Fkc1wvMjAyNVwvMTBcL2RvcmEtZnVybml0dXJlLXByb2plLWVyZ3VuLWtheWEtbWVzcnViYXQtMDAud2VicCIsInNsaWRlc2hvdyI6IjM3M2U2MmYifQ%3D%3D\">\n\t\t\t\t\t<div class=\"e-gallery-image elementor-gallery-item__image\" data-thumbnail=\"https:\/\/www.dorafurniture.com\/wp-content\/uploads\/2025\/10\/dora-furniture-proje-ergun-kaya-mesrubat-00.webp\" data-width=\"1920\" data-height=\"1080\" aria-label=\"\" role=\"img\" ><\/div>\n\t\t\t\t\t\t\t\t\t\t\t<div class=\"elementor-gallery-item__overlay\"><\/div>\n\t\t\t\t\t\t\t\t\t\t\t\t\t\t<\/a>\n\t\t\t\t\t\t\t<a class=\"e-gallery-item elementor-gallery-item elementor-animated-content\" href=\"https:\/\/www.dorafurniture.com\/wp-content\/uploads\/2025\/10\/dora-furniture-proje-ergun-kaya-mesrubat-01.webp\" data-elementor-open-lightbox=\"yes\" data-elementor-lightbox-slideshow=\"373e62f\" data-e-action-hash=\"#elementor-action%3Aaction%3Dlightbox%26settings%3DeyJpZCI6MTY0OSwidXJsIjoiaHR0cHM6XC9cL3d3dy5kb3JhZnVybml0dXJlLmNvbVwvd3AtY29udGVudFwvdXBsb2Fkc1wvMjAyNVwvMTBcL2RvcmEtZnVybml0dXJlLXByb2plLWVyZ3VuLWtheWEtbWVzcnViYXQtMDEud2VicCIsInNsaWRlc2hvdyI6IjM3M2U2MmYifQ%3D%3D\">\n\t\t\t\t\t<div class=\"e-gallery-image elementor-gallery-item__image\" data-thumbnail=\"https:\/\/www.dorafurniture.com\/wp-content\/uploads\/2025\/10\/dora-furniture-proje-ergun-kaya-mesrubat-01.webp\" data-width=\"1920\" data-height=\"1080\" aria-label=\"\" role=\"img\" ><\/div>\n\t\t\t\t\t\t\t\t\t\t\t<div class=\"elementor-gallery-item__overlay\"><\/div>\n\t\t\t\t\t\t\t\t\t\t\t\t\t\t<\/a>\n\t\t\t\t\t\t\t<a class=\"e-gallery-item elementor-gallery-item elementor-animated-content\" href=\"https:\/\/www.dorafurniture.com\/wp-content\/uploads\/2025\/10\/dora-furniture-proje-ergun-kaya-mesrubat-02.webp\" data-elementor-open-lightbox=\"yes\" data-elementor-lightbox-slideshow=\"373e62f\" data-e-action-hash=\"#elementor-action%3Aaction%3Dlightbox%26settings%3DeyJpZCI6MTY1MCwidXJsIjoiaHR0cHM6XC9cL3d3dy5kb3JhZnVybml0dXJlLmNvbVwvd3AtY29udGVudFwvdXBsb2Fkc1wvMjAyNVwvMTBcL2RvcmEtZnVybml0dXJlLXByb2plLWVyZ3VuLWtheWEtbWVzcnViYXQtMDIud2VicCIsInNsaWRlc2hvdyI6IjM3M2U2MmYifQ%3D%3D\">\n\t\t\t\t\t<div class=\"e-gallery-image elementor-gallery-item__image\" data-thumbnail=\"https:\/\/www.dorafurniture.com\/wp-content\/uploads\/2025\/10\/dora-furniture-proje-ergun-kaya-mesrubat-02.webp\" data-width=\"1920\" data-height=\"1080\" aria-label=\"\" role=\"img\" ><\/div>\n\t\t\t\t\t\t\t\t\t\t\t<div class=\"elementor-gallery-item__overlay\"><\/div>\n\t\t\t\t\t\t\t\t\t\t\t\t\t\t<\/a>\n\t\t\t\t\t\t\t<a class=\"e-gallery-item elementor-gallery-item elementor-animated-content\" href=\"https:\/\/www.dorafurniture.com\/wp-content\/uploads\/2025\/10\/dora-furniture-proje-ergun-kaya-mesrubat-03.webp\" data-elementor-open-lightbox=\"yes\" data-elementor-lightbox-slideshow=\"373e62f\" data-e-action-hash=\"#elementor-action%3Aaction%3Dlightbox%26settings%3DeyJpZCI6MTY1MSwidXJsIjoiaHR0cHM6XC9cL3d3dy5kb3JhZnVybml0dXJlLmNvbVwvd3AtY29udGVudFwvdXBsb2Fkc1wvMjAyNVwvMTBcL2RvcmEtZnVybml0dXJlLXByb2plLWVyZ3VuLWtheWEtbWVzcnViYXQtMDMud2VicCIsInNsaWRlc2hvdyI6IjM3M2U2MmYifQ%3D%3D\">\n\t\t\t\t\t<div class=\"e-gallery-image elementor-gallery-item__image\" data-thumbnail=\"https:\/\/www.dorafurniture.com\/wp-content\/uploads\/2025\/10\/dora-furniture-proje-ergun-kaya-mesrubat-03.webp\" data-width=\"1920\" data-height=\"1080\" aria-label=\"\" role=\"img\" ><\/div>\n\t\t\t\t\t\t\t\t\t\t\t<div class=\"elementor-gallery-item__overlay\"><\/div>\n\t\t\t\t\t\t\t\t\t\t\t\t\t\t<\/a>\n\t\t\t\t\t\t\t<a class=\"e-gallery-item elementor-gallery-item elementor-animated-content\" href=\"https:\/\/www.dorafurniture.com\/wp-content\/uploads\/2025\/10\/dora-furniture-proje-ergun-kaya-mesrubat-04.webp\" data-elementor-open-lightbox=\"yes\" data-elementor-lightbox-slideshow=\"373e62f\" data-e-action-hash=\"#elementor-action%3Aaction%3Dlightbox%26settings%3DeyJpZCI6MTY1MiwidXJsIjoiaHR0cHM6XC9cL3d3dy5kb3JhZnVybml0dXJlLmNvbVwvd3AtY29udGVudFwvdXBsb2Fkc1wvMjAyNVwvMTBcL2RvcmEtZnVybml0dXJlLXByb2plLWVyZ3VuLWtheWEtbWVzcnViYXQtMDQud2VicCIsInNsaWRlc2hvdyI6IjM3M2U2MmYifQ%3D%3D\">\n\t\t\t\t\t<div class=\"e-gallery-image elementor-gallery-item__image\" data-thumbnail=\"https:\/\/www.dorafurniture.com\/wp-content\/uploads\/2025\/10\/dora-furniture-proje-ergun-kaya-mesrubat-04.webp\" data-width=\"1920\" data-height=\"1080\" aria-label=\"\" role=\"img\" ><\/div>\n\t\t\t\t\t\t\t\t\t\t\t<div class=\"elementor-gallery-item__overlay\"><\/div>\n\t\t\t\t\t\t\t\t\t\t\t\t\t\t<\/a>\n\t\t\t\t\t\t\t<a class=\"e-gallery-item elementor-gallery-item elementor-animated-content\" href=\"https:\/\/www.dorafurniture.com\/wp-content\/uploads\/2025\/10\/dora-furniture-proje-ergun-kaya-mesrubat-05.webp\" data-elementor-open-lightbox=\"yes\" data-elementor-lightbox-slideshow=\"373e62f\" data-e-action-hash=\"#elementor-action%3Aaction%3Dlightbox%26settings%3DeyJpZCI6MTY1MywidXJsIjoiaHR0cHM6XC9cL3d3dy5kb3JhZnVybml0dXJlLmNvbVwvd3AtY29udGVudFwvdXBsb2Fkc1wvMjAyNVwvMTBcL2RvcmEtZnVybml0dXJlLXByb2plLWVyZ3VuLWtheWEtbWVzcnViYXQtMDUud2VicCIsInNsaWRlc2hvdyI6IjM3M2U2MmYifQ%3D%3D\">\n\t\t\t\t\t<div class=\"e-gallery-image elementor-gallery-item__image\" data-thumbnail=\"https:\/\/www.dorafurniture.com\/wp-content\/uploads\/2025\/10\/dora-furniture-proje-ergun-kaya-mesrubat-05.webp\" data-width=\"1920\" data-height=\"1080\" aria-label=\"\" role=\"img\" ><\/div>\n\t\t\t\t\t\t\t\t\t\t\t<div class=\"elementor-gallery-item__overlay\"><\/div>\n\t\t\t\t\t\t\t\t\t\t\t\t\t\t<\/a>\n\t\t\t\t\t\t\t<a class=\"e-gallery-item elementor-gallery-item elementor-animated-content\" href=\"https:\/\/www.dorafurniture.com\/wp-content\/uploads\/2025\/10\/dora-furniture-proje-ergun-kaya-mesrubat-06.webp\" data-elementor-open-lightbox=\"yes\" data-elementor-lightbox-slideshow=\"373e62f\" data-e-action-hash=\"#elementor-action%3Aaction%3Dlightbox%26settings%3DeyJpZCI6MTY1NCwidXJsIjoiaHR0cHM6XC9cL3d3dy5kb3JhZnVybml0dXJlLmNvbVwvd3AtY29udGVudFwvdXBsb2Fkc1wvMjAyNVwvMTBcL2RvcmEtZnVybml0dXJlLXByb2plLWVyZ3VuLWtheWEtbWVzcnViYXQtMDYud2VicCIsInNsaWRlc2hvdyI6IjM3M2U2MmYifQ%3D%3D\">\n\t\t\t\t\t<div class=\"e-gallery-image elementor-gallery-item__image\" data-thumbnail=\"https:\/\/www.dorafurniture.com\/wp-content\/uploads\/2025\/10\/dora-furniture-proje-ergun-kaya-mesrubat-06.webp\" data-width=\"1920\" data-height=\"1080\" aria-label=\"\" role=\"img\" ><\/div>\n\t\t\t\t\t\t\t\t\t\t\t<div class=\"elementor-gallery-item__overlay\"><\/div>\n\t\t\t\t\t\t\t\t\t\t\t\t\t\t<\/a>\n\t\t\t\t\t\t\t<a class=\"e-gallery-item elementor-gallery-item elementor-animated-content\" href=\"https:\/\/www.dorafurniture.com\/wp-content\/uploads\/2025\/10\/dora-furniture-proje-ergun-kaya-mesrubat-07.webp\" data-elementor-open-lightbox=\"yes\" data-elementor-lightbox-slideshow=\"373e62f\" data-e-action-hash=\"#elementor-action%3Aaction%3Dlightbox%26settings%3DeyJpZCI6MTY1NSwidXJsIjoiaHR0cHM6XC9cL3d3dy5kb3JhZnVybml0dXJlLmNvbVwvd3AtY29udGVudFwvdXBsb2Fkc1wvMjAyNVwvMTBcL2RvcmEtZnVybml0dXJlLXByb2plLWVyZ3VuLWtheWEtbWVzcnViYXQtMDcud2VicCIsInNsaWRlc2hvdyI6IjM3M2U2MmYifQ%3D%3D\">\n\t\t\t\t\t<div class=\"e-gallery-image elementor-gallery-item__image\" data-thumbnail=\"https:\/\/www.dorafurniture.com\/wp-content\/uploads\/2025\/10\/dora-furniture-proje-ergun-kaya-mesrubat-07.webp\" data-width=\"1920\" data-height=\"1080\" aria-label=\"\" role=\"img\" ><\/div>\n\t\t\t\t\t\t\t\t\t\t\t<div class=\"elementor-gallery-item__overlay\"><\/div>\n\t\t\t\t\t\t\t\t\t\t\t\t\t\t<\/a>\n\t\t\t\t\t\t\t<a class=\"e-gallery-item elementor-gallery-item elementor-animated-content\" href=\"https:\/\/www.dorafurniture.com\/wp-content\/uploads\/2025\/10\/dora-furniture-proje-ergun-kaya-mesrubat-09.webp\" data-elementor-open-lightbox=\"yes\" data-elementor-lightbox-slideshow=\"373e62f\" data-e-action-hash=\"#elementor-action%3Aaction%3Dlightbox%26settings%3DeyJpZCI6MTY1NywidXJsIjoiaHR0cHM6XC9cL3d3dy5kb3JhZnVybml0dXJlLmNvbVwvd3AtY29udGVudFwvdXBsb2Fkc1wvMjAyNVwvMTBcL2RvcmEtZnVybml0dXJlLXByb2plLWVyZ3VuLWtheWEtbWVzcnViYXQtMDkud2VicCIsInNsaWRlc2hvdyI6IjM3M2U2MmYifQ%3D%3D\">\n\t\t\t\t\t<div class=\"e-gallery-image elementor-gallery-item__image\" data-thumbnail=\"https:\/\/www.dorafurniture.com\/wp-content\/uploads\/2025\/10\/dora-furniture-proje-ergun-kaya-mesrubat-09.webp\" data-width=\"1920\" data-height=\"1080\" aria-label=\"\" role=\"img\" ><\/div>\n\t\t\t\t\t\t\t\t\t\t\t<div class=\"elementor-gallery-item__overlay\"><\/div>\n\t\t\t\t\t\t\t\t\t\t\t\t\t\t<\/a>\n\t\t\t\t\t\t\t<a class=\"e-gallery-item elementor-gallery-item elementor-animated-content\" href=\"https:\/\/www.dorafurniture.com\/wp-content\/uploads\/2025\/10\/dora-furniture-proje-ergun-kaya-mesrubat-10.webp\" data-elementor-open-lightbox=\"yes\" data-elementor-lightbox-slideshow=\"373e62f\" data-e-action-hash=\"#elementor-action%3Aaction%3Dlightbox%26settings%3DeyJpZCI6MTY1OCwidXJsIjoiaHR0cHM6XC9cL3d3dy5kb3JhZnVybml0dXJlLmNvbVwvd3AtY29udGVudFwvdXBsb2Fkc1wvMjAyNVwvMTBcL2RvcmEtZnVybml0dXJlLXByb2plLWVyZ3VuLWtheWEtbWVzcnViYXQtMTAud2VicCIsInNsaWRlc2hvdyI6IjM3M2U2MmYifQ%3D%3D\">\n\t\t\t\t\t<div class=\"e-gallery-image elementor-gallery-item__image\" data-thumbnail=\"https:\/\/www.dorafurniture.com\/wp-content\/uploads\/2025\/10\/dora-furniture-proje-ergun-kaya-mesrubat-10.webp\" data-width=\"1920\" data-height=\"1080\" aria-label=\"\" role=\"img\" ><\/div>\n\t\t\t\t\t\t\t\t\t\t\t<div class=\"elementor-gallery-item__overlay\"><\/div>\n\t\t\t\t\t\t\t\t\t\t\t\t\t\t<\/a>\n\t\t\t\t\t\t\t<a class=\"e-gallery-item elementor-gallery-item elementor-animated-content\" href=\"https:\/\/www.dorafurniture.com\/wp-content\/uploads\/2025\/10\/dora-furniture-proje-ergun-kaya-mesrubat-12.webp\" data-elementor-open-lightbox=\"yes\" data-elementor-lightbox-slideshow=\"373e62f\" data-e-action-hash=\"#elementor-action%3Aaction%3Dlightbox%26settings%3DeyJpZCI6MTY2MCwidXJsIjoiaHR0cHM6XC9cL3d3dy5kb3JhZnVybml0dXJlLmNvbVwvd3AtY29udGVudFwvdXBsb2Fkc1wvMjAyNVwvMTBcL2RvcmEtZnVybml0dXJlLXByb2plLWVyZ3VuLWtheWEtbWVzcnViYXQtMTIud2VicCIsInNsaWRlc2hvdyI6IjM3M2U2MmYifQ%3D%3D\">\n\t\t\t\t\t<div class=\"e-gallery-image elementor-gallery-item__image\" data-thumbnail=\"https:\/\/www.dorafurniture.com\/wp-content\/uploads\/2025\/10\/dora-furniture-proje-ergun-kaya-mesrubat-12.webp\" data-width=\"1920\" data-height=\"1080\" aria-label=\"\" role=\"img\" ><\/div>\n\t\t\t\t\t\t\t\t\t\t\t<div class=\"elementor-gallery-item__overlay\"><\/div>\n\t\t\t\t\t\t\t\t\t\t\t\t\t\t<\/a>\n\t\t\t\t\t\t\t<a class=\"e-gallery-item elementor-gallery-item elementor-animated-content\" href=\"https:\/\/www.dorafurniture.com\/wp-content\/uploads\/2025\/10\/dora-furniture-proje-ergun-kaya-mesrubat-13.webp\" data-elementor-open-lightbox=\"yes\" data-elementor-lightbox-slideshow=\"373e62f\" data-e-action-hash=\"#elementor-action%3Aaction%3Dlightbox%26settings%3DeyJpZCI6MTY2MSwidXJsIjoiaHR0cHM6XC9cL3d3dy5kb3JhZnVybml0dXJlLmNvbVwvd3AtY29udGVudFwvdXBsb2Fkc1wvMjAyNVwvMTBcL2RvcmEtZnVybml0dXJlLXByb2plLWVyZ3VuLWtheWEtbWVzcnViYXQtMTMud2VicCIsInNsaWRlc2hvdyI6IjM3M2U2MmYifQ%3D%3D\">\n\t\t\t\t\t<div class=\"e-gallery-image elementor-gallery-item__image\" data-thumbnail=\"https:\/\/www.dorafurniture.com\/wp-content\/uploads\/2025\/10\/dora-furniture-proje-ergun-kaya-mesrubat-13.webp\" data-width=\"1920\" data-height=\"1080\" aria-label=\"\" role=\"img\" ><\/div>\n\t\t\t\t\t\t\t\t\t\t\t<div class=\"elementor-gallery-item__overlay\"><\/div>\n\t\t\t\t\t\t\t\t\t\t\t\t\t\t<\/a>\n\t\t\t\t\t<\/div>\n\t\t\t\t\t<\/div>\n\t\t\t\t<\/div>\n\t\t\t\t\t<\/div>\n\t\t\t\t<\/div>\n\t\t\t\t<\/div>\n\t\t","protected":false},"excerpt":{"rendered":"<p>Ofis Esenler, \u0130stanbul 60 g\u00fcn ERG\u00dcN KAYA ME\u015eRUBAT Genel Bak\u0131\u015f Erg\u00fcn Kaya Me\u015frubat i\u00e7in, 700 metrekarelik i\u015f alan\u0131n\u0131n i\u00e7 mek\u00e2n tasar\u0131m\u0131 ve uygulamas\u0131, \u015firketin vizyonunu ve kurumsal de\u011ferlerini yans\u0131tacak b\u00fct\u00fcnc\u00fcl bir proje anlay\u0131\u015f\u0131yla hayata ge\u00e7irildi. Tasar\u0131m dili, markan\u0131n profesyonel kimli\u011fini destekleyecek \u00e7a\u011fda\u015f ve i\u015flevsel bir kurguya dayan\u0131yordu. M\u00fc\u015fteri Talepleri M\u00fc\u015fterimiz, \u015firketin operasyonel ihtiya\u00e7lar\u0131n\u0131 kar\u015f\u0131layacak nitelikte [&hellip;]<\/p>\n","protected":false},"author":1,"featured_media":0,"parent":0,"menu_order":0,"comment_status":"closed","ping_status":"closed","template":"elementor_header_footer","meta":{"footnotes":""},"class_list":["post-1440","page","type-page","status-publish","hentry"],"_links":{"self":[{"href":"https:\/\/www.dorafurniture.com\/en\/wp-json\/wp\/v2\/pages\/1440","targetHints":{"allow":["GET"]}}],"collection":[{"href":"https:\/\/www.dorafurniture.com\/en\/wp-json\/wp\/v2\/pages"}],"about":[{"href":"https:\/\/www.dorafurniture.com\/en\/wp-json\/wp\/v2\/types\/page"}],"author":[{"embeddable":true,"href":"https:\/\/www.dorafurniture.com\/en\/wp-json\/wp\/v2\/users\/1"}],"replies":[{"embeddable":true,"href":"https:\/\/www.dorafurniture.com\/en\/wp-json\/wp\/v2\/comments?post=1440"}],"version-history":[{"count":29,"href":"https:\/\/www.dorafurniture.com\/en\/wp-json\/wp\/v2\/pages\/1440\/revisions"}],"predecessor-version":[{"id":2234,"href":"https:\/\/www.dorafurniture.com\/en\/wp-json\/wp\/v2\/pages\/1440\/revisions\/2234"}],"wp:attachment":[{"href":"https:\/\/www.dorafurniture.com\/en\/wp-json\/wp\/v2\/media?parent=1440"}],"curies":[{"name":"wp","href":"https:\/\/api.w.org\/{rel}","templated":true}]}}